{"id":1115,"date":"2024-08-04T17:33:11","date_gmt":"2024-08-04T17:33:11","guid":{"rendered":"https:\/\/www.divinghurghada.eu\/shop\/?post_type=product&#038;p=1115"},"modified":"2025-04-16T11:19:17","modified_gmt":"2025-04-16T11:19:17","slug":"paradise-beach","status":"publish","type":"product","link":"https:\/\/www.divinghurghada.eu\/shop\/index.php\/en\/produkt\/paradise-beach\/","title":{"rendered":"PARADISE BEACH"},"content":{"rendered":"<p>You will spend part of the day swimming, snorkeling and sunbathing at the white sandy Paradise Beach on <a href=\"https:\/\/www.divinghurghada.eu\/shop\/index.php\/en\/produkt\/dolphin-house\/\" target=\"_blank\" rel=\"noopener\">Giftun Island<\/a>, just outside of Hurghada.<\/p>\n<p>It is a private beach where you can relax and have a drink at the beach bar (at your own expense). Lunch is served on the ship in the form of a buffet. The next stop will be at the <a href=\"https:\/\/www.divinghurghada.eu\/shop\/index.php\/en\/produkt\/divemaster-2\/\">coral reefs<\/a>, where you will have plenty of time for swimming, snorkeling, or sunbathing on the boat. The price includes lunch on the boat, hot and cold drinks, fruit, snorkeling equipment, transfer in the center of<a href=\"https:\/\/www.facebook.com\/potapaniehurghada\" target=\"_blank\" rel=\"noopener\"> Hurghada<\/a>. You only need to bring towels, swimwear and sunscreen.<\/p>\n<p>Price children:<\/p>\n<p>up to 6 years free,<\/p>\n<p>6-9 years 20 \u20ac<\/p>\n<p>When booking, write the number and age of children and the total price will be adjusted when confirming the reservation in the e-mail we send you. You can use Messenger or WhatsUp for faster communication.<\/p>\n","protected":false},"excerpt":{"rendered":"<p>You will spend part of the day swimming, snorkeling and sunbathing at the white sandy Paradise Beach on Giftun Island, just outside of Hurghada.<\/p>\n<p>It is a private beach where you can relax and have a drink at the beach bar (at your own expense). Lunch is served on the ship in the form of a buffet. The next stop will be at the coral reefs, where you will have plenty of time for swimming, snorkeling, or sunbathing on the boat. The price includes lunch on the boat, hot and cold drinks, fruit, snorkeling equipment, transfer in the center of Hurghada.<\/p>\n","protected":false},"featured_media":327,"comment_status":"open","ping_status":"closed","template":"","meta":{"om_disable_all_campaigns":false,"_monsterinsights_skip_tracking":false,"_monsterinsights_sitenote_active":false,"_monsterinsights_sitenote_note":"","_monsterinsights_sitenote_category":0},"product_brand":[],"product_cat":[58],"product_tag":[],"class_list":{"0":"post-1115","1":"product","2":"type-product","3":"status-publish","4":"has-post-thumbnail","6":"product_cat-trips","7":"bookacti-activity","9":"first","10":"instock","11":"virtual","12":"purchasable","13":"product-type-simple"},"yoast_head":"<!-- This site is optimized with the Yoast SEO plugin v26.7 - https:\/\/yoast.com\/wordpress\/plugins\/seo\/ -->\n<title>PARADISE BEACH - Pot\u00e1p\u011bn\u00ed V HURGHAD\u011a<\/title>\n<meta name=\"description\" content=\"You will spend part of the day swimming, snorkeling and sunbathing on the white sandy Paradise beach on Giftun Island, just a short distance from Hurghada.\" \/>\n<meta name=\"robots\" content=\"index, follow, max-snippet:-1, max-image-preview:large, max-video-preview:-1\" \/>\n<link rel=\"canonical\" href=\"https:\/\/www.divinghurghada.eu\/shop\/index.php\/en\/produkt\/paradise-beach\/\" \/>\n<meta property=\"og:locale\" content=\"sk_SK\" \/>\n<meta property=\"og:type\" content=\"article\" \/>\n<meta property=\"og:title\" content=\"PARADISE BEACH - Pot\u00e1p\u011bn\u00ed V HURGHAD\u011a\" \/>\n<meta property=\"og:description\" content=\"You will spend part of the day swimming, snorkeling and sunbathing on the white sandy Paradise beach on Giftun Island, just a short distance from Hurghada.\" \/>\n<meta property=\"og:url\" content=\"https:\/\/www.divinghurghada.eu\/shop\/index.php\/en\/produkt\/paradise-beach\/\" \/>\n<meta property=\"og:site_name\" content=\"Pot\u00e1p\u011bn\u00ed V HURGHAD\u011a\" \/>\n<meta property=\"article:modified_time\" content=\"2025-04-16T11:19:17+00:00\" \/>\n<meta property=\"og:image\" content=\"https:\/\/www.divinghurghada.eu\/shop\/wp-content\/uploads\/2022\/10\/FB_IMG_1658816668399.webp\" \/>\n\t<meta property=\"og:image:width\" content=\"1080\" \/>\n\t<meta property=\"og:image:height\" content=\"486\" \/>\n\t<meta property=\"og:image:type\" content=\"image\/webp\" \/>\n<meta name=\"twitter:card\" content=\"summary_large_image\" \/>\n<meta name=\"twitter:label1\" content=\"Predpokladan\u00fd \u010das \u010d\u00edtania\" \/>\n\t<meta name=\"twitter:data1\" content=\"2 min\u00faty\" \/>\n<script type=\"application\/ld+json\" class=\"yoast-schema-graph\">{\"@context\":\"https:\/\/schema.org\",\"@graph\":[{\"@type\":\"WebPage\",\"@id\":\"https:\/\/www.divinghurghada.eu\/shop\/index.php\/en\/produkt\/paradise-beach\/\",\"url\":\"https:\/\/www.divinghurghada.eu\/shop\/index.php\/en\/produkt\/paradise-beach\/\",\"name\":\"PARADISE BEACH - Pot\u00e1p\u011bn\u00ed V HURGHAD\u011a\",\"isPartOf\":{\"@id\":\"https:\/\/www.divinghurghada.eu\/shop\/#website\"},\"primaryImageOfPage\":{\"@id\":\"https:\/\/www.divinghurghada.eu\/shop\/index.php\/en\/produkt\/paradise-beach\/#primaryimage\"},\"image\":{\"@id\":\"https:\/\/www.divinghurghada.eu\/shop\/index.php\/en\/produkt\/paradise-beach\/#primaryimage\"},\"thumbnailUrl\":\"https:\/\/www.divinghurghada.eu\/shop\/wp-content\/uploads\/2022\/10\/FB_IMG_1658816668399.webp\",\"datePublished\":\"2024-08-04T17:33:11+00:00\",\"dateModified\":\"2025-04-16T11:19:17+00:00\",\"description\":\"You will spend part of the day swimming, snorkeling and sunbathing on the white sandy Paradise beach on Giftun Island, just a short distance from Hurghada.\",\"breadcrumb\":{\"@id\":\"https:\/\/www.divinghurghada.eu\/shop\/index.php\/en\/produkt\/paradise-beach\/#breadcrumb\"},\"inLanguage\":\"sk-SK\",\"potentialAction\":[{\"@type\":\"ReadAction\",\"target\":[\"https:\/\/www.divinghurghada.eu\/shop\/index.php\/en\/produkt\/paradise-beach\/\"]}]},{\"@type\":\"ImageObject\",\"inLanguage\":\"sk-SK\",\"@id\":\"https:\/\/www.divinghurghada.eu\/shop\/index.php\/en\/produkt\/paradise-beach\/#primaryimage\",\"url\":\"https:\/\/www.divinghurghada.eu\/shop\/wp-content\/uploads\/2022\/10\/FB_IMG_1658816668399.webp\",\"contentUrl\":\"https:\/\/www.divinghurghada.eu\/shop\/wp-content\/uploads\/2022\/10\/FB_IMG_1658816668399.webp\",\"width\":1080,\"height\":486,\"caption\":\"paradise beach\"},{\"@type\":\"BreadcrumbList\",\"@id\":\"https:\/\/www.divinghurghada.eu\/shop\/index.php\/en\/produkt\/paradise-beach\/#breadcrumb\",\"itemListElement\":[{\"@type\":\"ListItem\",\"position\":1,\"name\":\"Home\",\"item\":\"https:\/\/www.divinghurghada.eu\/shop\/\"},{\"@type\":\"ListItem\",\"position\":2,\"name\":\"rezervace\",\"item\":\"https:\/\/www.divinghurghada.eu\/shop\/\"},{\"@type\":\"ListItem\",\"position\":3,\"name\":\"PARADISE BEACH\"}]},{\"@type\":\"WebSite\",\"@id\":\"https:\/\/www.divinghurghada.eu\/shop\/#website\",\"url\":\"https:\/\/www.divinghurghada.eu\/shop\/\",\"name\":\"Pot\u00e1p\u011bn\u00ed V HURGHAD\u011a\",\"description\":\"Terapii neopt\u0159ebuje\u0161, pot\u0159ebuje\u0161 se jen pot\u00e1p\u011bt.\",\"publisher\":{\"@id\":\"https:\/\/www.divinghurghada.eu\/shop\/#organization\"},\"potentialAction\":[{\"@type\":\"SearchAction\",\"target\":{\"@type\":\"EntryPoint\",\"urlTemplate\":\"https:\/\/www.divinghurghada.eu\/shop\/?s={search_term_string}\"},\"query-input\":{\"@type\":\"PropertyValueSpecification\",\"valueRequired\":true,\"valueName\":\"search_term_string\"}}],\"inLanguage\":\"sk-SK\"},{\"@type\":\"Organization\",\"@id\":\"https:\/\/www.divinghurghada.eu\/shop\/#organization\",\"name\":\"Pot\u00e1p\u011bn\u00ed V HURGHAD\u011a\",\"url\":\"https:\/\/www.divinghurghada.eu\/shop\/\",\"logo\":{\"@type\":\"ImageObject\",\"inLanguage\":\"sk-SK\",\"@id\":\"https:\/\/www.divinghurghada.eu\/shop\/#\/schema\/logo\/image\/\",\"url\":\"https:\/\/www.divinghurghada.eu\/shop\/wp-content\/uploads\/2023\/11\/logo-w.png\",\"contentUrl\":\"https:\/\/www.divinghurghada.eu\/shop\/wp-content\/uploads\/2023\/11\/logo-w.png\",\"width\":141,\"height\":70,\"caption\":\"Pot\u00e1p\u011bn\u00ed V HURGHAD\u011a\"},\"image\":{\"@id\":\"https:\/\/www.divinghurghada.eu\/shop\/#\/schema\/logo\/image\/\"}}]}<\/script>\n<!-- \/ Yoast SEO plugin. -->","yoast_head_json":{"title":"PARADISE BEACH - Pot\u00e1p\u011bn\u00ed V HURGHAD\u011a","description":"You will spend part of the day swimming, snorkeling and sunbathing on the white sandy Paradise beach on Giftun Island, just a short distance from Hurghada.","robots":{"index":"index","follow":"follow","max-snippet":"max-snippet:-1","max-image-preview":"max-image-preview:large","max-video-preview":"max-video-preview:-1"},"canonical":"https:\/\/www.divinghurghada.eu\/shop\/index.php\/en\/produkt\/paradise-beach\/","og_locale":"sk_SK","og_type":"article","og_title":"PARADISE BEACH - Pot\u00e1p\u011bn\u00ed V HURGHAD\u011a","og_description":"You will spend part of the day swimming, snorkeling and sunbathing on the white sandy Paradise beach on Giftun Island, just a short distance from Hurghada.","og_url":"https:\/\/www.divinghurghada.eu\/shop\/index.php\/en\/produkt\/paradise-beach\/","og_site_name":"Pot\u00e1p\u011bn\u00ed V HURGHAD\u011a","article_modified_time":"2025-04-16T11:19:17+00:00","og_image":[{"width":1080,"height":486,"url":"https:\/\/www.divinghurghada.eu\/shop\/wp-content\/uploads\/2022\/10\/FB_IMG_1658816668399.webp","type":"image\/webp"}],"twitter_card":"summary_large_image","twitter_misc":{"Predpokladan\u00fd \u010das \u010d\u00edtania":"2 min\u00faty"},"schema":{"@context":"https:\/\/schema.org","@graph":[{"@type":"WebPage","@id":"https:\/\/www.divinghurghada.eu\/shop\/index.php\/en\/produkt\/paradise-beach\/","url":"https:\/\/www.divinghurghada.eu\/shop\/index.php\/en\/produkt\/paradise-beach\/","name":"PARADISE BEACH - Pot\u00e1p\u011bn\u00ed V HURGHAD\u011a","isPartOf":{"@id":"https:\/\/www.divinghurghada.eu\/shop\/#website"},"primaryImageOfPage":{"@id":"https:\/\/www.divinghurghada.eu\/shop\/index.php\/en\/produkt\/paradise-beach\/#primaryimage"},"image":{"@id":"https:\/\/www.divinghurghada.eu\/shop\/index.php\/en\/produkt\/paradise-beach\/#primaryimage"},"thumbnailUrl":"https:\/\/www.divinghurghada.eu\/shop\/wp-content\/uploads\/2022\/10\/FB_IMG_1658816668399.webp","datePublished":"2024-08-04T17:33:11+00:00","dateModified":"2025-04-16T11:19:17+00:00","description":"You will spend part of the day swimming, snorkeling and sunbathing on the white sandy Paradise beach on Giftun Island, just a short distance from Hurghada.","breadcrumb":{"@id":"https:\/\/www.divinghurghada.eu\/shop\/index.php\/en\/produkt\/paradise-beach\/#breadcrumb"},"inLanguage":"sk-SK","potentialAction":[{"@type":"ReadAction","target":["https:\/\/www.divinghurghada.eu\/shop\/index.php\/en\/produkt\/paradise-beach\/"]}]},{"@type":"ImageObject","inLanguage":"sk-SK","@id":"https:\/\/www.divinghurghada.eu\/shop\/index.php\/en\/produkt\/paradise-beach\/#primaryimage","url":"https:\/\/www.divinghurghada.eu\/shop\/wp-content\/uploads\/2022\/10\/FB_IMG_1658816668399.webp","contentUrl":"https:\/\/www.divinghurghada.eu\/shop\/wp-content\/uploads\/2022\/10\/FB_IMG_1658816668399.webp","width":1080,"height":486,"caption":"paradise beach"},{"@type":"BreadcrumbList","@id":"https:\/\/www.divinghurghada.eu\/shop\/index.php\/en\/produkt\/paradise-beach\/#breadcrumb","itemListElement":[{"@type":"ListItem","position":1,"name":"Home","item":"https:\/\/www.divinghurghada.eu\/shop\/"},{"@type":"ListItem","position":2,"name":"rezervace","item":"https:\/\/www.divinghurghada.eu\/shop\/"},{"@type":"ListItem","position":3,"name":"PARADISE BEACH"}]},{"@type":"WebSite","@id":"https:\/\/www.divinghurghada.eu\/shop\/#website","url":"https:\/\/www.divinghurghada.eu\/shop\/","name":"Pot\u00e1p\u011bn\u00ed V HURGHAD\u011a","description":"Terapii neopt\u0159ebuje\u0161, pot\u0159ebuje\u0161 se jen pot\u00e1p\u011bt.","publisher":{"@id":"https:\/\/www.divinghurghada.eu\/shop\/#organization"},"potentialAction":[{"@type":"SearchAction","target":{"@type":"EntryPoint","urlTemplate":"https:\/\/www.divinghurghada.eu\/shop\/?s={search_term_string}"},"query-input":{"@type":"PropertyValueSpecification","valueRequired":true,"valueName":"search_term_string"}}],"inLanguage":"sk-SK"},{"@type":"Organization","@id":"https:\/\/www.divinghurghada.eu\/shop\/#organization","name":"Pot\u00e1p\u011bn\u00ed V HURGHAD\u011a","url":"https:\/\/www.divinghurghada.eu\/shop\/","logo":{"@type":"ImageObject","inLanguage":"sk-SK","@id":"https:\/\/www.divinghurghada.eu\/shop\/#\/schema\/logo\/image\/","url":"https:\/\/www.divinghurghada.eu\/shop\/wp-content\/uploads\/2023\/11\/logo-w.png","contentUrl":"https:\/\/www.divinghurghada.eu\/shop\/wp-content\/uploads\/2023\/11\/logo-w.png","width":141,"height":70,"caption":"Pot\u00e1p\u011bn\u00ed V HURGHAD\u011a"},"image":{"@id":"https:\/\/www.divinghurghada.eu\/shop\/#\/schema\/logo\/image\/"}}]}},"jetpack_sharing_enabled":true,"_links":{"self":[{"href":"https:\/\/www.divinghurghada.eu\/shop\/index.php\/wp-json\/wp\/v2\/product\/1115","targetHints":{"allow":["GET"]}}],"collection":[{"href":"https:\/\/www.divinghurghada.eu\/shop\/index.php\/wp-json\/wp\/v2\/product"}],"about":[{"href":"https:\/\/www.divinghurghada.eu\/shop\/index.php\/wp-json\/wp\/v2\/types\/product"}],"replies":[{"embeddable":true,"href":"https:\/\/www.divinghurghada.eu\/shop\/index.php\/wp-json\/wp\/v2\/comments?post=1115"}],"wp:featuredmedia":[{"embeddable":true,"href":"https:\/\/www.divinghurghada.eu\/shop\/index.php\/wp-json\/wp\/v2\/media\/327"}],"wp:attachment":[{"href":"https:\/\/www.divinghurghada.eu\/shop\/index.php\/wp-json\/wp\/v2\/media?parent=1115"}],"wp:term":[{"taxonomy":"product_brand","embeddable":true,"href":"https:\/\/www.divinghurghada.eu\/shop\/index.php\/wp-json\/wp\/v2\/product_brand?post=1115"},{"taxonomy":"product_cat","embeddable":true,"href":"https:\/\/www.divinghurghada.eu\/shop\/index.php\/wp-json\/wp\/v2\/product_cat?post=1115"},{"taxonomy":"product_tag","embeddable":true,"href":"https:\/\/www.divinghurghada.eu\/shop\/index.php\/wp-json\/wp\/v2\/product_tag?post=1115"}],"curies":[{"name":"wp","href":"https:\/\/api.w.org\/{rel}","templated":true}]}}