{"id":116,"date":"2022-09-25T14:44:41","date_gmt":"2022-09-25T14:44:41","guid":{"rendered":"https:\/\/www.divinghurghada.eu\/shop\/?post_type=product&#038;p=116"},"modified":"2022-11-08T11:16:18","modified_gmt":"2022-11-08T11:16:18","slug":"nocni-potapeni","status":"publish","type":"product","link":"https:\/\/www.divinghurghada.eu\/shop\/index.php\/produkt\/nocni-potapeni\/","title":{"rendered":"NIGHT\/LIMITED VISIBILITY DIVER"},"content":{"rendered":"<p>Mnoho pot\u00e1p\u011b\u010d\u016f zji\u0161\u0165uje, \u017ee no\u010dn\u00ed pot\u00e1p\u011bn\u00ed je jejich obl\u00edben\u00fdm druhem <a href=\"https:\/\/www.divinghurghada.eu\/potapeni-je-jako-letani-pod-vodou\/\">pot\u00e1p\u011bn\u00ed<\/a>.\u00a0Stejn\u011b jako u v\u0161ech speci\u00e1ln\u00edch pot\u00e1p\u011b\u010dsk\u00fdch aplikac\u00ed se postupy li\u0161\u00ed od postup\u016f spojen\u00fdch s pot\u00e1p\u011bn\u00edm na otev\u0159en\u00e9 vod\u011b.\u00a0\u00da\u010delem tohoto kurzu je sezn\u00e1mit pot\u00e1p\u011b\u010de na voln\u00e9 vod\u011b s postupy, technikami a potenci\u00e1ln\u00edmi riziky spojen\u00fdmi s pot\u00e1p\u011bn\u00edm v noci nebo za omezen\u00e9 viditelnosti.\u00a0Pot\u00e1p\u011b\u010d, kter\u00fd se sezn\u00e1m\u00ed s pou\u017e\u00edv\u00e1n\u00edm pot\u00e1p\u011b\u010dsk\u00fdch sv\u011btel a technikami no\u010dn\u00edho <a href=\"https:\/\/www.divinghurghada.eu\/shop\/index.php\/produkt\/potapanie\/\">pot\u00e1p\u011bn\u00ed<\/a>, jako je navigace, postupy syst\u00e9mu kamar\u00e1d\u016f, <a href=\"https:\/\/www.facebook.com\/potapaniehurghada\/\" target=\"_blank\" rel=\"noopener\">komunikace<\/a>, ovl\u00e1d\u00e1n\u00ed vztlaku a interakce s no\u010dn\u00edm vodn\u00edm \u017eivotem, si m\u016f\u017ee bezpe\u010dn\u011b u\u017e\u00edvat no\u010dn\u00ed pot\u00e1p\u011bn\u00ed.<\/p>\n<h3>Pro koho je tento kurz ur\u010den:<\/h3>\n<ul>\n<li>Jednotlivci, kte\u0159\u00ed cht\u011bj\u00ed v noci prozkoumat <a href=\"https:\/\/www.divinghurghada.eu\/potapecska-lokalita\/\">podmo\u0159sk\u00fd sv\u011bt<\/a> spolu s no\u010dn\u00ed divo\u010dinou<\/li>\n<\/ul>\n<h3>P\u0159edpoklady kurzu:<\/h3>\n<ul>\n<li>SDI Open Water Scuba Diver, SDI Junior Open Water Scuba Diver nebo ekvivalent<\/li>\n<li>Minim\u00e1ln\u00ed v\u011bk 18 , 10 let se souhlasem rodi\u010d\u016f<\/li>\n<\/ul>\n<h3>Co m\u016f\u017eete o\u010dek\u00e1vat, \u017ee se nau\u010d\u00edte:<\/h3>\n<p>Kurz SDI Night\/Limited Visibility Course se podrobn\u011b zab\u00fdv\u00e1 v\u0161emi n\u00e1sleduj\u00edc\u00edmi a dal\u0161\u00edmi:<\/p>\n<ul>\n<li>Pro\u010d se pot\u00e1p\u011bt v noci?\n<ul>\n<li>Jin\u00fd vodn\u00ed \u017eivot<\/li>\n<li>Zku\u0161enosti v omezen\u00e9 viditelnosti<\/li>\n<\/ul>\n<\/li>\n<li>Zvl\u00e1\u0161tn\u00ed vybaven\u00ed\n<ul>\n<li>Pot\u00e1p\u011b\u010dsk\u00e1 sv\u011btla<\/li>\n<li>V\u00fdznam sv\u011btla a z\u00e1lohov\u00e1n\u00ed<\/li>\n<li>Porovn\u00e1n\u00ed r\u016fzn\u00fdch styl\u016f<\/li>\n<li>Osobn\u00ed pot\u00e1p\u011b\u010dsk\u00fd maj\u00e1k<\/li>\n<\/ul>\n<\/li>\n<li>syst\u00e9m kamar\u00e1d\u016f\n<ul>\n<li>Kontakt na kamar\u00e1da<\/li>\n<li>komunikace<\/li>\n<\/ul>\n<\/li>\n<li>Navigace\n<ul>\n<li>Spodn\u00ed obrys<\/li>\n<li>Kompas<\/li>\n<li>Lo\u010f<\/li>\n<li>Pl\u00e1\u017e\/jezero<\/li>\n<li>Zna\u010dkovac\u00ed sv\u011btlo\/stroboskop<\/li>\n<\/ul>\n<\/li>\n<li>Dezorientace\n<ul>\n<li>S kamar\u00e1dem<\/li>\n<li>Ztracen\u00fd kamar\u00e1d<\/li>\n<li>Selh\u00e1n\u00ed sv\u011btla<\/li>\n<\/ul>\n<\/li>\n<li>\u00davahy o vztlaku<\/li>\n<li>Nouzov\u00e9 postupy\n<ul>\n<li>Invalidn\u00ed pot\u00e1p\u011b\u010d<\/li>\n<li>Ztracen\u00fd pot\u00e1p\u011b\u010d<\/li>\n<li>Pot\u00e1p\u011b\u010dsk\u00e9 nemoci<\/li>\n<\/ul>\n<\/li>\n<li>Podvodn\u00ed prost\u0159ed\u00ed\n<ul>\n<li>No\u010dn\u00ed \u017eivot<\/li>\n<\/ul>\n<\/li>\n<\/ul>\n<h3>Co z toho pro v\u00e1s bude?<\/h3>\n<p>Po \u00fasp\u011b\u0161n\u00e9m absolvov\u00e1n\u00ed tohoto kurzu mohou absolventi:<\/p>\n<ul>\n<li>Pot\u00e1p\u011bn\u00ed v noci a za podm\u00ednek omezen\u00e9 viditelnosti, kter\u00fdm byli vystaveni b\u011bhem tr\u00e9ninku<\/li>\n<li>Napl\u00e1nujte a prove\u010fte no\u010dn\u00ed ponory a ponory za sn\u00ed\u017een\u00e9 viditelnosti<\/li>\n<\/ul>\n<p>Tak\u00e9 certifikace SDI Night\/Limited Visibility Diver Certification se zapo\u010d\u00edt\u00e1v\u00e1 do jedin\u00e9ho speci\u00e1ln\u00edho hodnocen\u00ed pro dosa\u017een\u00ed\u00a0SDI Advanced Diver Development Program .<\/p>\n<h3>Minim\u00e1ln\u00ed po\u017eadavky na no\u010dn\u00edho pot\u00e1p\u011b\u010de SDI\/pot\u00e1p\u011b\u010de s omezenou viditelnost\u00ed:<\/h3>\n<ul>\n<li>Napl\u00e1nujte ponor<\/li>\n<li>Bezpe\u010dnostn\u00ed procedury<\/li>\n<li>Vstup a sestup<\/li>\n<li>Z\u016fsta\u0148te pono\u0159eni alespo\u0148 20 minut<\/li>\n<li>P\u0159i zachov\u00e1n\u00ed spr\u00e1vn\u00e9 navigace n\u011bkolikr\u00e1t zm\u011b\u0148te sm\u011br<\/li>\n<li>Dv\u011b minuty plav\u00e1n\u00ed bez kompasu<\/li>\n<li>Povrch a p\u0159eorientovat<\/li>\n<li>Sestupujte a navigujte<\/li>\n<li>Pou\u017e\u00edvejte spr\u00e1vn\u011b;\u00a0podvodn\u00ed sv\u011btlo, ponorn\u00fd tlakom\u011br, kompas, hloubkom\u011br a po\u010d\u00edta\u010d<\/li>\n<li>Udr\u017eujte kontakt s kamar\u00e1dem po celou dobu ponoru<\/li>\n<li>Log ponor<\/li>\n<\/ul>\n","protected":false},"excerpt":{"rendered":"<p>Mnoho pot\u00e1p\u011b\u010d\u016f zji\u0161\u0165uje, \u017ee no\u010dn\u00ed pot\u00e1p\u011bn\u00ed je jejich obl\u00edben\u00fdm druhem pot\u00e1p\u011bn\u00ed.\u00a0Stejn\u011b jako u v\u0161ech speci\u00e1ln\u00edch pot\u00e1p\u011b\u010dsk\u00fdch aplikac\u00ed se postupy li\u0161\u00ed od postup\u016f spojen\u00fdch s pot\u00e1p\u011bn\u00edm na otev\u0159en\u00e9 vod\u011b.\u00a0\u00da\u010delem tohoto kurzu je sezn\u00e1mit pot\u00e1p\u011b\u010de na voln\u00e9 vod\u011b s postupy, technikami a potenci\u00e1ln\u00edmi riziky spojen\u00fdmi s pot\u00e1p\u011bn\u00edm v noci nebo za omezen\u00e9 viditelnosti.\u00a0Pot\u00e1p\u011b\u010d, kter\u00fd se sezn\u00e1m\u00ed s pou\u017e\u00edv\u00e1n\u00edm pot\u00e1p\u011b\u010dsk\u00fdch sv\u011btel a technikami no\u010dn\u00edho pot\u00e1p\u011bn\u00ed, jako je navigace, postupy syst\u00e9mu kamar\u00e1d\u016f, komunikace, ovl\u00e1d\u00e1n\u00ed vztlaku a interakce s no\u010dn\u00edm vodn\u00edm \u017eivotem, si m\u016f\u017ee bezpe\u010dn\u011b u\u017e\u00edvat no\u010dn\u00ed pot\u00e1p\u011bn\u00ed.<\/p>\n","protected":false},"featured_media":504,"comment_status":"open","ping_status":"closed","template":"","meta":{"om_disable_all_campaigns":false,"_monsterinsights_skip_tracking":false,"_monsterinsights_sitenote_active":false,"_monsterinsights_sitenote_note":"","_monsterinsights_sitenote_category":0},"product_brand":[],"product_cat":[19,29],"product_tag":[],"class_list":{"0":"post-116","1":"product","2":"type-product","3":"status-publish","4":"has-post-thumbnail","6":"product_cat-sdi","7":"product_cat-rozsirenia","9":"first","10":"instock","11":"shipping-taxable","12":"product-type-simple"},"yoast_head":"<!-- This site is optimized with the Yoast SEO plugin v26.7 - https:\/\/yoast.com\/wordpress\/plugins\/seo\/ -->\n<title>no\u010dn\u00ed pot\u00e1p\u011bn\u00ed -kurzy - pot\u00e1p\u011bn\u00ed v Hurghad\u011b<\/title>\n<meta name=\"description\" content=\"NIGHT\/LIMITED VISIBILITY DIVER pou\u017e\u00edv\u00e1n\u00ed pot\u00e1p\u011b\u010dsk\u00fdch sv\u011btel a technika no\u010dn\u00edho pot\u00e1p\u011bn\u00ed, navigace, postupy syst\u00e9mu kamar\u00e1d\u016f, komunikace, - no\u010dn\u00ed pot\u00e1p\u011bn\u00ed\" \/>\n<meta name=\"robots\" content=\"index, follow, max-snippet:-1, max-image-preview:large, max-video-preview:-1\" \/>\n<link rel=\"canonical\" href=\"https:\/\/www.divinghurghada.eu\/shop\/index.php\/produkt\/nocni-potapeni\/\" \/>\n<meta property=\"og:locale\" content=\"sk_SK\" \/>\n<meta property=\"og:type\" content=\"article\" \/>\n<meta property=\"og:title\" content=\"no\u010dn\u00ed pot\u00e1p\u011bn\u00ed -kurzy - pot\u00e1p\u011bn\u00ed v Hurghad\u011b\" \/>\n<meta property=\"og:description\" content=\"NIGHT\/LIMITED VISIBILITY DIVER pou\u017e\u00edv\u00e1n\u00ed pot\u00e1p\u011b\u010dsk\u00fdch sv\u011btel a technika no\u010dn\u00edho pot\u00e1p\u011bn\u00ed, navigace, postupy syst\u00e9mu kamar\u00e1d\u016f, komunikace, - no\u010dn\u00ed pot\u00e1p\u011bn\u00ed\" \/>\n<meta property=\"og:url\" content=\"https:\/\/www.divinghurghada.eu\/shop\/index.php\/produkt\/nocni-potapeni\/\" \/>\n<meta property=\"og:site_name\" content=\"Pot\u00e1p\u011bn\u00ed V HURGHAD\u011a\" \/>\n<meta property=\"article:modified_time\" content=\"2022-11-08T11:16:18+00:00\" \/>\n<meta property=\"og:image\" content=\"https:\/\/www.divinghurghada.eu\/shop\/wp-content\/uploads\/2022\/09\/2.jpg\" \/>\n\t<meta property=\"og:image:width\" content=\"640\" \/>\n\t<meta property=\"og:image:height\" content=\"640\" \/>\n\t<meta property=\"og:image:type\" content=\"image\/jpeg\" \/>\n<meta name=\"twitter:card\" content=\"summary_large_image\" \/>\n<meta name=\"twitter:label1\" content=\"Predpokladan\u00fd \u010das \u010d\u00edtania\" \/>\n\t<meta name=\"twitter:data1\" content=\"2 min\u00faty\" \/>\n<script type=\"application\/ld+json\" class=\"yoast-schema-graph\">{\"@context\":\"https:\/\/schema.org\",\"@graph\":[{\"@type\":\"WebPage\",\"@id\":\"https:\/\/www.divinghurghada.eu\/shop\/index.php\/produkt\/nocni-potapeni\/\",\"url\":\"https:\/\/www.divinghurghada.eu\/shop\/index.php\/produkt\/nocni-potapeni\/\",\"name\":\"no\u010dn\u00ed pot\u00e1p\u011bn\u00ed -kurzy - pot\u00e1p\u011bn\u00ed v Hurghad\u011b\",\"isPartOf\":{\"@id\":\"https:\/\/www.divinghurghada.eu\/shop\/#website\"},\"primaryImageOfPage\":{\"@id\":\"https:\/\/www.divinghurghada.eu\/shop\/index.php\/produkt\/nocni-potapeni\/#primaryimage\"},\"image\":{\"@id\":\"https:\/\/www.divinghurghada.eu\/shop\/index.php\/produkt\/nocni-potapeni\/#primaryimage\"},\"thumbnailUrl\":\"https:\/\/www.divinghurghada.eu\/shop\/wp-content\/uploads\/2022\/09\/2.jpg\",\"datePublished\":\"2022-09-25T14:44:41+00:00\",\"dateModified\":\"2022-11-08T11:16:18+00:00\",\"description\":\"NIGHT\/LIMITED VISIBILITY DIVER pou\u017e\u00edv\u00e1n\u00ed pot\u00e1p\u011b\u010dsk\u00fdch sv\u011btel a technika no\u010dn\u00edho pot\u00e1p\u011bn\u00ed, navigace, postupy syst\u00e9mu kamar\u00e1d\u016f, komunikace, - no\u010dn\u00ed pot\u00e1p\u011bn\u00ed\",\"breadcrumb\":{\"@id\":\"https:\/\/www.divinghurghada.eu\/shop\/index.php\/produkt\/nocni-potapeni\/#breadcrumb\"},\"inLanguage\":\"sk-SK\",\"potentialAction\":[{\"@type\":\"ReadAction\",\"target\":[\"https:\/\/www.divinghurghada.eu\/shop\/index.php\/produkt\/nocni-potapeni\/\"]}]},{\"@type\":\"ImageObject\",\"inLanguage\":\"sk-SK\",\"@id\":\"https:\/\/www.divinghurghada.eu\/shop\/index.php\/produkt\/nocni-potapeni\/#primaryimage\",\"url\":\"https:\/\/www.divinghurghada.eu\/shop\/wp-content\/uploads\/2022\/09\/2.jpg\",\"contentUrl\":\"https:\/\/www.divinghurghada.eu\/shop\/wp-content\/uploads\/2022\/09\/2.jpg\",\"width\":640,\"height\":640,\"caption\":\"no\u010dn\u00ed pot\u00e1p\u011bn\u00ed, night diver\"},{\"@type\":\"BreadcrumbList\",\"@id\":\"https:\/\/www.divinghurghada.eu\/shop\/index.php\/produkt\/nocni-potapeni\/#breadcrumb\",\"itemListElement\":[{\"@type\":\"ListItem\",\"position\":1,\"name\":\"Home\",\"item\":\"https:\/\/www.divinghurghada.eu\/shop\/\"},{\"@type\":\"ListItem\",\"position\":2,\"name\":\"rezervace\",\"item\":\"https:\/\/www.divinghurghada.eu\/shop\/\"},{\"@type\":\"ListItem\",\"position\":3,\"name\":\"NIGHT\/LIMITED VISIBILITY DIVER\"}]},{\"@type\":\"WebSite\",\"@id\":\"https:\/\/www.divinghurghada.eu\/shop\/#website\",\"url\":\"https:\/\/www.divinghurghada.eu\/shop\/\",\"name\":\"Pot\u00e1p\u011bn\u00ed V HURGHAD\u011a\",\"description\":\"Terapii neopt\u0159ebuje\u0161, pot\u0159ebuje\u0161 se jen pot\u00e1p\u011bt.\",\"publisher\":{\"@id\":\"https:\/\/www.divinghurghada.eu\/shop\/#organization\"},\"potentialAction\":[{\"@type\":\"SearchAction\",\"target\":{\"@type\":\"EntryPoint\",\"urlTemplate\":\"https:\/\/www.divinghurghada.eu\/shop\/?s={search_term_string}\"},\"query-input\":{\"@type\":\"PropertyValueSpecification\",\"valueRequired\":true,\"valueName\":\"search_term_string\"}}],\"inLanguage\":\"sk-SK\"},{\"@type\":\"Organization\",\"@id\":\"https:\/\/www.divinghurghada.eu\/shop\/#organization\",\"name\":\"Pot\u00e1p\u011bn\u00ed V HURGHAD\u011a\",\"url\":\"https:\/\/www.divinghurghada.eu\/shop\/\",\"logo\":{\"@type\":\"ImageObject\",\"inLanguage\":\"sk-SK\",\"@id\":\"https:\/\/www.divinghurghada.eu\/shop\/#\/schema\/logo\/image\/\",\"url\":\"https:\/\/www.divinghurghada.eu\/shop\/wp-content\/uploads\/2023\/11\/logo-w.png\",\"contentUrl\":\"https:\/\/www.divinghurghada.eu\/shop\/wp-content\/uploads\/2023\/11\/logo-w.png\",\"width\":141,\"height\":70,\"caption\":\"Pot\u00e1p\u011bn\u00ed V HURGHAD\u011a\"},\"image\":{\"@id\":\"https:\/\/www.divinghurghada.eu\/shop\/#\/schema\/logo\/image\/\"}}]}<\/script>\n<!-- \/ Yoast SEO plugin. -->","yoast_head_json":{"title":"no\u010dn\u00ed pot\u00e1p\u011bn\u00ed -kurzy - pot\u00e1p\u011bn\u00ed v Hurghad\u011b","description":"NIGHT\/LIMITED VISIBILITY DIVER pou\u017e\u00edv\u00e1n\u00ed pot\u00e1p\u011b\u010dsk\u00fdch sv\u011btel a technika no\u010dn\u00edho pot\u00e1p\u011bn\u00ed, navigace, postupy syst\u00e9mu kamar\u00e1d\u016f, komunikace, - no\u010dn\u00ed pot\u00e1p\u011bn\u00ed","robots":{"index":"index","follow":"follow","max-snippet":"max-snippet:-1","max-image-preview":"max-image-preview:large","max-video-preview":"max-video-preview:-1"},"canonical":"https:\/\/www.divinghurghada.eu\/shop\/index.php\/produkt\/nocni-potapeni\/","og_locale":"sk_SK","og_type":"article","og_title":"no\u010dn\u00ed pot\u00e1p\u011bn\u00ed -kurzy - pot\u00e1p\u011bn\u00ed v Hurghad\u011b","og_description":"NIGHT\/LIMITED VISIBILITY DIVER pou\u017e\u00edv\u00e1n\u00ed pot\u00e1p\u011b\u010dsk\u00fdch sv\u011btel a technika no\u010dn\u00edho pot\u00e1p\u011bn\u00ed, navigace, postupy syst\u00e9mu kamar\u00e1d\u016f, komunikace, - no\u010dn\u00ed pot\u00e1p\u011bn\u00ed","og_url":"https:\/\/www.divinghurghada.eu\/shop\/index.php\/produkt\/nocni-potapeni\/","og_site_name":"Pot\u00e1p\u011bn\u00ed V HURGHAD\u011a","article_modified_time":"2022-11-08T11:16:18+00:00","og_image":[{"width":640,"height":640,"url":"https:\/\/www.divinghurghada.eu\/shop\/wp-content\/uploads\/2022\/09\/2.jpg","type":"image\/jpeg"}],"twitter_card":"summary_large_image","twitter_misc":{"Predpokladan\u00fd \u010das \u010d\u00edtania":"2 min\u00faty"},"schema":{"@context":"https:\/\/schema.org","@graph":[{"@type":"WebPage","@id":"https:\/\/www.divinghurghada.eu\/shop\/index.php\/produkt\/nocni-potapeni\/","url":"https:\/\/www.divinghurghada.eu\/shop\/index.php\/produkt\/nocni-potapeni\/","name":"no\u010dn\u00ed pot\u00e1p\u011bn\u00ed -kurzy - pot\u00e1p\u011bn\u00ed v Hurghad\u011b","isPartOf":{"@id":"https:\/\/www.divinghurghada.eu\/shop\/#website"},"primaryImageOfPage":{"@id":"https:\/\/www.divinghurghada.eu\/shop\/index.php\/produkt\/nocni-potapeni\/#primaryimage"},"image":{"@id":"https:\/\/www.divinghurghada.eu\/shop\/index.php\/produkt\/nocni-potapeni\/#primaryimage"},"thumbnailUrl":"https:\/\/www.divinghurghada.eu\/shop\/wp-content\/uploads\/2022\/09\/2.jpg","datePublished":"2022-09-25T14:44:41+00:00","dateModified":"2022-11-08T11:16:18+00:00","description":"NIGHT\/LIMITED VISIBILITY DIVER pou\u017e\u00edv\u00e1n\u00ed pot\u00e1p\u011b\u010dsk\u00fdch sv\u011btel a technika no\u010dn\u00edho pot\u00e1p\u011bn\u00ed, navigace, postupy syst\u00e9mu kamar\u00e1d\u016f, komunikace, - no\u010dn\u00ed pot\u00e1p\u011bn\u00ed","breadcrumb":{"@id":"https:\/\/www.divinghurghada.eu\/shop\/index.php\/produkt\/nocni-potapeni\/#breadcrumb"},"inLanguage":"sk-SK","potentialAction":[{"@type":"ReadAction","target":["https:\/\/www.divinghurghada.eu\/shop\/index.php\/produkt\/nocni-potapeni\/"]}]},{"@type":"ImageObject","inLanguage":"sk-SK","@id":"https:\/\/www.divinghurghada.eu\/shop\/index.php\/produkt\/nocni-potapeni\/#primaryimage","url":"https:\/\/www.divinghurghada.eu\/shop\/wp-content\/uploads\/2022\/09\/2.jpg","contentUrl":"https:\/\/www.divinghurghada.eu\/shop\/wp-content\/uploads\/2022\/09\/2.jpg","width":640,"height":640,"caption":"no\u010dn\u00ed pot\u00e1p\u011bn\u00ed, night diver"},{"@type":"BreadcrumbList","@id":"https:\/\/www.divinghurghada.eu\/shop\/index.php\/produkt\/nocni-potapeni\/#breadcrumb","itemListElement":[{"@type":"ListItem","position":1,"name":"Home","item":"https:\/\/www.divinghurghada.eu\/shop\/"},{"@type":"ListItem","position":2,"name":"rezervace","item":"https:\/\/www.divinghurghada.eu\/shop\/"},{"@type":"ListItem","position":3,"name":"NIGHT\/LIMITED VISIBILITY DIVER"}]},{"@type":"WebSite","@id":"https:\/\/www.divinghurghada.eu\/shop\/#website","url":"https:\/\/www.divinghurghada.eu\/shop\/","name":"Pot\u00e1p\u011bn\u00ed V HURGHAD\u011a","description":"Terapii neopt\u0159ebuje\u0161, pot\u0159ebuje\u0161 se jen pot\u00e1p\u011bt.","publisher":{"@id":"https:\/\/www.divinghurghada.eu\/shop\/#organization"},"potentialAction":[{"@type":"SearchAction","target":{"@type":"EntryPoint","urlTemplate":"https:\/\/www.divinghurghada.eu\/shop\/?s={search_term_string}"},"query-input":{"@type":"PropertyValueSpecification","valueRequired":true,"valueName":"search_term_string"}}],"inLanguage":"sk-SK"},{"@type":"Organization","@id":"https:\/\/www.divinghurghada.eu\/shop\/#organization","name":"Pot\u00e1p\u011bn\u00ed V HURGHAD\u011a","url":"https:\/\/www.divinghurghada.eu\/shop\/","logo":{"@type":"ImageObject","inLanguage":"sk-SK","@id":"https:\/\/www.divinghurghada.eu\/shop\/#\/schema\/logo\/image\/","url":"https:\/\/www.divinghurghada.eu\/shop\/wp-content\/uploads\/2023\/11\/logo-w.png","contentUrl":"https:\/\/www.divinghurghada.eu\/shop\/wp-content\/uploads\/2023\/11\/logo-w.png","width":141,"height":70,"caption":"Pot\u00e1p\u011bn\u00ed V HURGHAD\u011a"},"image":{"@id":"https:\/\/www.divinghurghada.eu\/shop\/#\/schema\/logo\/image\/"}}]}},"jetpack_sharing_enabled":true,"_links":{"self":[{"href":"https:\/\/www.divinghurghada.eu\/shop\/index.php\/wp-json\/wp\/v2\/product\/116","targetHints":{"allow":["GET"]}}],"collection":[{"href":"https:\/\/www.divinghurghada.eu\/shop\/index.php\/wp-json\/wp\/v2\/product"}],"about":[{"href":"https:\/\/www.divinghurghada.eu\/shop\/index.php\/wp-json\/wp\/v2\/types\/product"}],"replies":[{"embeddable":true,"href":"https:\/\/www.divinghurghada.eu\/shop\/index.php\/wp-json\/wp\/v2\/comments?post=116"}],"wp:featuredmedia":[{"embeddable":true,"href":"https:\/\/www.divinghurghada.eu\/shop\/index.php\/wp-json\/wp\/v2\/media\/504"}],"wp:attachment":[{"href":"https:\/\/www.divinghurghada.eu\/shop\/index.php\/wp-json\/wp\/v2\/media?parent=116"}],"wp:term":[{"taxonomy":"product_brand","embeddable":true,"href":"https:\/\/www.divinghurghada.eu\/shop\/index.php\/wp-json\/wp\/v2\/product_brand?post=116"},{"taxonomy":"product_cat","embeddable":true,"href":"https:\/\/www.divinghurghada.eu\/shop\/index.php\/wp-json\/wp\/v2\/product_cat?post=116"},{"taxonomy":"product_tag","embeddable":true,"href":"https:\/\/www.divinghurghada.eu\/shop\/index.php\/wp-json\/wp\/v2\/product_tag?post=116"}],"curies":[{"name":"wp","href":"https:\/\/api.w.org\/{rel}","templated":true}]}}