{"id":577,"date":"2022-10-15T21:07:45","date_gmt":"2022-10-15T21:07:45","guid":{"rendered":"https:\/\/www.divinghurghada.eu\/shop\/?post_type=product&#038;p=577"},"modified":"2025-04-16T11:29:45","modified_gmt":"2025-04-16T11:29:45","slug":"diving","status":"publish","type":"product","link":"https:\/\/www.divinghurghada.eu\/shop\/index.php\/en\/produkt\/diving\/","title":{"rendered":"DIVING"},"content":{"rendered":"<p>Diving for certified divers. Small group boat trip to popular reefs near Hurghada where you will have the option of 2 dives at different locations. Between dives you can enjoy lunch on the boat and relax in the water or on board the boat. Friendly atmosphere, personal approach, experienced instructors and divemasters are a guarantee of a perfect day full of experiences.<\/p>\n","protected":false},"excerpt":{"rendered":"<p>Diving for certified divers. Small group boat trip to popular reefs near Hurghada where you will have the option of 2 dives at different locations. Between dives you can enjoy lunch on the boat and relax in the water or on board the boat. Friendly atmosphere, personal approach, experienced instructors and divemasters are a guarantee of a perfect day full of experiences.<\/p>\n","protected":false},"featured_media":947,"comment_status":"open","ping_status":"closed","template":"","meta":{"om_disable_all_campaigns":false,"_monsterinsights_skip_tracking":false,"_monsterinsights_sitenote_active":false,"_monsterinsights_sitenote_note":"","_monsterinsights_sitenote_category":0},"product_brand":[],"product_cat":[60],"product_tag":[],"class_list":{"0":"post-577","1":"product","2":"type-product","3":"status-publish","4":"has-post-thumbnail","6":"product_cat-diving","7":"bookacti-activity","9":"first","10":"instock","11":"virtual","12":"purchasable","13":"product-type-simple"},"yoast_head":"<!-- This site is optimized with the Yoast SEO plugin v26.7 - https:\/\/yoast.com\/wordpress\/plugins\/seo\/ -->\n<title>DIVING - Pot\u00e1p\u011bn\u00ed V HURGHAD\u011a<\/title>\n<meta name=\"robots\" content=\"index, follow, max-snippet:-1, max-image-preview:large, max-video-preview:-1\" \/>\n<link rel=\"canonical\" href=\"https:\/\/www.divinghurghada.eu\/shop\/index.php\/en\/produkt\/diving\/\" \/>\n<meta property=\"og:locale\" content=\"sk_SK\" \/>\n<meta property=\"og:type\" content=\"article\" \/>\n<meta property=\"og:title\" content=\"DIVING - Pot\u00e1p\u011bn\u00ed V HURGHAD\u011a\" \/>\n<meta property=\"og:description\" content=\"Diving for certified divers. Small group boat trip to popular reefs near Hurghada where you will have the option of 2 dives at different locations. Between dives you can enjoy lunch on the boat and relax in the water or on board the boat. Friendly atmosphere, personal approach, experienced instructors and divemasters are a guarantee of a perfect day full of experiences.\" \/>\n<meta property=\"og:url\" content=\"https:\/\/www.divinghurghada.eu\/shop\/index.php\/en\/produkt\/diving\/\" \/>\n<meta property=\"og:site_name\" content=\"Pot\u00e1p\u011bn\u00ed V HURGHAD\u011a\" \/>\n<meta property=\"article:modified_time\" content=\"2025-04-16T11:29:45+00:00\" \/>\n<meta property=\"og:image\" content=\"https:\/\/www.divinghurghada.eu\/shop\/wp-content\/uploads\/2022\/10\/1668190929338-e1668504796282.jpeg\" \/>\n\t<meta property=\"og:image:width\" content=\"1720\" \/>\n\t<meta property=\"og:image:height\" content=\"1192\" \/>\n\t<meta property=\"og:image:type\" content=\"image\/jpeg\" \/>\n<meta name=\"twitter:card\" content=\"summary_large_image\" \/>\n<meta name=\"twitter:label1\" content=\"Predpokladan\u00fd \u010das \u010d\u00edtania\" \/>\n\t<meta name=\"twitter:data1\" content=\"1 min\u00fata\" \/>\n<script type=\"application\/ld+json\" class=\"yoast-schema-graph\">{\"@context\":\"https:\/\/schema.org\",\"@graph\":[{\"@type\":\"WebPage\",\"@id\":\"https:\/\/www.divinghurghada.eu\/shop\/index.php\/en\/produkt\/diving\/\",\"url\":\"https:\/\/www.divinghurghada.eu\/shop\/index.php\/en\/produkt\/diving\/\",\"name\":\"DIVING - Pot\u00e1p\u011bn\u00ed V HURGHAD\u011a\",\"isPartOf\":{\"@id\":\"https:\/\/www.divinghurghada.eu\/shop\/#website\"},\"primaryImageOfPage\":{\"@id\":\"https:\/\/www.divinghurghada.eu\/shop\/index.php\/en\/produkt\/diving\/#primaryimage\"},\"image\":{\"@id\":\"https:\/\/www.divinghurghada.eu\/shop\/index.php\/en\/produkt\/diving\/#primaryimage\"},\"thumbnailUrl\":\"https:\/\/www.divinghurghada.eu\/shop\/wp-content\/uploads\/2022\/10\/1668190929338-e1668504796282.jpeg\",\"datePublished\":\"2022-10-15T21:07:45+00:00\",\"dateModified\":\"2025-04-16T11:29:45+00:00\",\"breadcrumb\":{\"@id\":\"https:\/\/www.divinghurghada.eu\/shop\/index.php\/en\/produkt\/diving\/#breadcrumb\"},\"inLanguage\":\"sk-SK\",\"potentialAction\":[{\"@type\":\"ReadAction\",\"target\":[\"https:\/\/www.divinghurghada.eu\/shop\/index.php\/en\/produkt\/diving\/\"]}]},{\"@type\":\"ImageObject\",\"inLanguage\":\"sk-SK\",\"@id\":\"https:\/\/www.divinghurghada.eu\/shop\/index.php\/en\/produkt\/diving\/#primaryimage\",\"url\":\"https:\/\/www.divinghurghada.eu\/shop\/wp-content\/uploads\/2022\/10\/1668190929338-e1668504796282.jpeg\",\"contentUrl\":\"https:\/\/www.divinghurghada.eu\/shop\/wp-content\/uploads\/2022\/10\/1668190929338-e1668504796282.jpeg\",\"width\":1720,\"height\":1192,\"caption\":\"DCIM100GOPROGOPR8624.JPG\"},{\"@type\":\"BreadcrumbList\",\"@id\":\"https:\/\/www.divinghurghada.eu\/shop\/index.php\/en\/produkt\/diving\/#breadcrumb\",\"itemListElement\":[{\"@type\":\"ListItem\",\"position\":1,\"name\":\"Home\",\"item\":\"https:\/\/www.divinghurghada.eu\/shop\/\"},{\"@type\":\"ListItem\",\"position\":2,\"name\":\"rezervace\",\"item\":\"https:\/\/www.divinghurghada.eu\/shop\/\"},{\"@type\":\"ListItem\",\"position\":3,\"name\":\"DIVING\"}]},{\"@type\":\"WebSite\",\"@id\":\"https:\/\/www.divinghurghada.eu\/shop\/#website\",\"url\":\"https:\/\/www.divinghurghada.eu\/shop\/\",\"name\":\"Pot\u00e1p\u011bn\u00ed V HURGHAD\u011a\",\"description\":\"Terapii neopt\u0159ebuje\u0161, pot\u0159ebuje\u0161 se jen pot\u00e1p\u011bt.\",\"publisher\":{\"@id\":\"https:\/\/www.divinghurghada.eu\/shop\/#organization\"},\"potentialAction\":[{\"@type\":\"SearchAction\",\"target\":{\"@type\":\"EntryPoint\",\"urlTemplate\":\"https:\/\/www.divinghurghada.eu\/shop\/?s={search_term_string}\"},\"query-input\":{\"@type\":\"PropertyValueSpecification\",\"valueRequired\":true,\"valueName\":\"search_term_string\"}}],\"inLanguage\":\"sk-SK\"},{\"@type\":\"Organization\",\"@id\":\"https:\/\/www.divinghurghada.eu\/shop\/#organization\",\"name\":\"Pot\u00e1p\u011bn\u00ed V HURGHAD\u011a\",\"url\":\"https:\/\/www.divinghurghada.eu\/shop\/\",\"logo\":{\"@type\":\"ImageObject\",\"inLanguage\":\"sk-SK\",\"@id\":\"https:\/\/www.divinghurghada.eu\/shop\/#\/schema\/logo\/image\/\",\"url\":\"https:\/\/www.divinghurghada.eu\/shop\/wp-content\/uploads\/2023\/11\/logo-w.png\",\"contentUrl\":\"https:\/\/www.divinghurghada.eu\/shop\/wp-content\/uploads\/2023\/11\/logo-w.png\",\"width\":141,\"height\":70,\"caption\":\"Pot\u00e1p\u011bn\u00ed V HURGHAD\u011a\"},\"image\":{\"@id\":\"https:\/\/www.divinghurghada.eu\/shop\/#\/schema\/logo\/image\/\"}}]}<\/script>\n<!-- \/ Yoast SEO plugin. -->","yoast_head_json":{"title":"DIVING - Pot\u00e1p\u011bn\u00ed V HURGHAD\u011a","robots":{"index":"index","follow":"follow","max-snippet":"max-snippet:-1","max-image-preview":"max-image-preview:large","max-video-preview":"max-video-preview:-1"},"canonical":"https:\/\/www.divinghurghada.eu\/shop\/index.php\/en\/produkt\/diving\/","og_locale":"sk_SK","og_type":"article","og_title":"DIVING - Pot\u00e1p\u011bn\u00ed V HURGHAD\u011a","og_description":"Diving for certified divers. Small group boat trip to popular reefs near Hurghada where you will have the option of 2 dives at different locations. Between dives you can enjoy lunch on the boat and relax in the water or on board the boat. Friendly atmosphere, personal approach, experienced instructors and divemasters are a guarantee of a perfect day full of experiences.","og_url":"https:\/\/www.divinghurghada.eu\/shop\/index.php\/en\/produkt\/diving\/","og_site_name":"Pot\u00e1p\u011bn\u00ed V HURGHAD\u011a","article_modified_time":"2025-04-16T11:29:45+00:00","og_image":[{"width":1720,"height":1192,"url":"https:\/\/www.divinghurghada.eu\/shop\/wp-content\/uploads\/2022\/10\/1668190929338-e1668504796282.jpeg","type":"image\/jpeg"}],"twitter_card":"summary_large_image","twitter_misc":{"Predpokladan\u00fd \u010das \u010d\u00edtania":"1 min\u00fata"},"schema":{"@context":"https:\/\/schema.org","@graph":[{"@type":"WebPage","@id":"https:\/\/www.divinghurghada.eu\/shop\/index.php\/en\/produkt\/diving\/","url":"https:\/\/www.divinghurghada.eu\/shop\/index.php\/en\/produkt\/diving\/","name":"DIVING - Pot\u00e1p\u011bn\u00ed V HURGHAD\u011a","isPartOf":{"@id":"https:\/\/www.divinghurghada.eu\/shop\/#website"},"primaryImageOfPage":{"@id":"https:\/\/www.divinghurghada.eu\/shop\/index.php\/en\/produkt\/diving\/#primaryimage"},"image":{"@id":"https:\/\/www.divinghurghada.eu\/shop\/index.php\/en\/produkt\/diving\/#primaryimage"},"thumbnailUrl":"https:\/\/www.divinghurghada.eu\/shop\/wp-content\/uploads\/2022\/10\/1668190929338-e1668504796282.jpeg","datePublished":"2022-10-15T21:07:45+00:00","dateModified":"2025-04-16T11:29:45+00:00","breadcrumb":{"@id":"https:\/\/www.divinghurghada.eu\/shop\/index.php\/en\/produkt\/diving\/#breadcrumb"},"inLanguage":"sk-SK","potentialAction":[{"@type":"ReadAction","target":["https:\/\/www.divinghurghada.eu\/shop\/index.php\/en\/produkt\/diving\/"]}]},{"@type":"ImageObject","inLanguage":"sk-SK","@id":"https:\/\/www.divinghurghada.eu\/shop\/index.php\/en\/produkt\/diving\/#primaryimage","url":"https:\/\/www.divinghurghada.eu\/shop\/wp-content\/uploads\/2022\/10\/1668190929338-e1668504796282.jpeg","contentUrl":"https:\/\/www.divinghurghada.eu\/shop\/wp-content\/uploads\/2022\/10\/1668190929338-e1668504796282.jpeg","width":1720,"height":1192,"caption":"DCIM100GOPROGOPR8624.JPG"},{"@type":"BreadcrumbList","@id":"https:\/\/www.divinghurghada.eu\/shop\/index.php\/en\/produkt\/diving\/#breadcrumb","itemListElement":[{"@type":"ListItem","position":1,"name":"Home","item":"https:\/\/www.divinghurghada.eu\/shop\/"},{"@type":"ListItem","position":2,"name":"rezervace","item":"https:\/\/www.divinghurghada.eu\/shop\/"},{"@type":"ListItem","position":3,"name":"DIVING"}]},{"@type":"WebSite","@id":"https:\/\/www.divinghurghada.eu\/shop\/#website","url":"https:\/\/www.divinghurghada.eu\/shop\/","name":"Pot\u00e1p\u011bn\u00ed V HURGHAD\u011a","description":"Terapii neopt\u0159ebuje\u0161, pot\u0159ebuje\u0161 se jen pot\u00e1p\u011bt.","publisher":{"@id":"https:\/\/www.divinghurghada.eu\/shop\/#organization"},"potentialAction":[{"@type":"SearchAction","target":{"@type":"EntryPoint","urlTemplate":"https:\/\/www.divinghurghada.eu\/shop\/?s={search_term_string}"},"query-input":{"@type":"PropertyValueSpecification","valueRequired":true,"valueName":"search_term_string"}}],"inLanguage":"sk-SK"},{"@type":"Organization","@id":"https:\/\/www.divinghurghada.eu\/shop\/#organization","name":"Pot\u00e1p\u011bn\u00ed V HURGHAD\u011a","url":"https:\/\/www.divinghurghada.eu\/shop\/","logo":{"@type":"ImageObject","inLanguage":"sk-SK","@id":"https:\/\/www.divinghurghada.eu\/shop\/#\/schema\/logo\/image\/","url":"https:\/\/www.divinghurghada.eu\/shop\/wp-content\/uploads\/2023\/11\/logo-w.png","contentUrl":"https:\/\/www.divinghurghada.eu\/shop\/wp-content\/uploads\/2023\/11\/logo-w.png","width":141,"height":70,"caption":"Pot\u00e1p\u011bn\u00ed V HURGHAD\u011a"},"image":{"@id":"https:\/\/www.divinghurghada.eu\/shop\/#\/schema\/logo\/image\/"}}]}},"jetpack_sharing_enabled":true,"_links":{"self":[{"href":"https:\/\/www.divinghurghada.eu\/shop\/index.php\/wp-json\/wp\/v2\/product\/577","targetHints":{"allow":["GET"]}}],"collection":[{"href":"https:\/\/www.divinghurghada.eu\/shop\/index.php\/wp-json\/wp\/v2\/product"}],"about":[{"href":"https:\/\/www.divinghurghada.eu\/shop\/index.php\/wp-json\/wp\/v2\/types\/product"}],"replies":[{"embeddable":true,"href":"https:\/\/www.divinghurghada.eu\/shop\/index.php\/wp-json\/wp\/v2\/comments?post=577"}],"wp:featuredmedia":[{"embeddable":true,"href":"https:\/\/www.divinghurghada.eu\/shop\/index.php\/wp-json\/wp\/v2\/media\/947"}],"wp:attachment":[{"href":"https:\/\/www.divinghurghada.eu\/shop\/index.php\/wp-json\/wp\/v2\/media?parent=577"}],"wp:term":[{"taxonomy":"product_brand","embeddable":true,"href":"https:\/\/www.divinghurghada.eu\/shop\/index.php\/wp-json\/wp\/v2\/product_brand?post=577"},{"taxonomy":"product_cat","embeddable":true,"href":"https:\/\/www.divinghurghada.eu\/shop\/index.php\/wp-json\/wp\/v2\/product_cat?post=577"},{"taxonomy":"product_tag","embeddable":true,"href":"https:\/\/www.divinghurghada.eu\/shop\/index.php\/wp-json\/wp\/v2\/product_tag?post=577"}],"curies":[{"name":"wp","href":"https:\/\/api.w.org\/{rel}","templated":true}]}}