{"id":580,"date":"2022-10-15T21:19:30","date_gmt":"2022-10-15T21:19:30","guid":{"rendered":"https:\/\/www.divinghurghada.eu\/shop\/?post_type=product&#038;p=580"},"modified":"2022-10-15T21:19:30","modified_gmt":"2022-10-15T21:19:30","slug":"banana-ride","status":"publish","type":"product","link":"https:\/\/www.divinghurghada.eu\/shop\/index.php\/en\/produkt\/banana-ride\/","title":{"rendered":"BANANA RIDE"},"content":{"rendered":"<p>Enjoy the joy of a child and jump on a banana in the waves. Great fun for all ages. Possible to add Dolphin House and Mangrove Island to the trip.<\/p>\n","protected":false},"excerpt":{"rendered":"<p>Enjoy the joy of a child and jump on a banana in the waves. Great fun for all ages. Possible to add Dolphin House and Mangrove Island to the trip.<\/p>\n","protected":false},"featured_media":367,"comment_status":"open","ping_status":"closed","template":"","meta":{"om_disable_all_campaigns":false,"_monsterinsights_skip_tracking":false,"_monsterinsights_sitenote_active":false,"_monsterinsights_sitenote_note":"","_monsterinsights_sitenote_category":0},"product_brand":[],"product_cat":[58],"product_tag":[],"class_list":{"0":"post-580","1":"product","2":"type-product","3":"status-publish","4":"has-post-thumbnail","6":"product_cat-trips","7":"bookacti-activity","9":"first","10":"instock","11":"virtual","12":"purchasable","13":"product-type-simple"},"yoast_head":"<!-- This site is optimized with the Yoast SEO plugin v26.7 - https:\/\/yoast.com\/wordpress\/plugins\/seo\/ -->\n<title>BANANA RIDE - Pot\u00e1p\u011bn\u00ed V HURGHAD\u011a<\/title>\n<meta name=\"robots\" content=\"index, follow, max-snippet:-1, max-image-preview:large, max-video-preview:-1\" \/>\n<link rel=\"canonical\" href=\"https:\/\/www.divinghurghada.eu\/shop\/index.php\/en\/produkt\/banana-ride\/\" \/>\n<meta property=\"og:locale\" content=\"sk_SK\" \/>\n<meta property=\"og:type\" content=\"article\" \/>\n<meta property=\"og:title\" content=\"BANANA RIDE - Pot\u00e1p\u011bn\u00ed V HURGHAD\u011a\" \/>\n<meta property=\"og:description\" content=\"Enjoy the joy of a child and jump on a banana in the waves. Great fun for all ages. Possible to add Dolphin House and Mangrove Island to the trip.\" \/>\n<meta property=\"og:url\" content=\"https:\/\/www.divinghurghada.eu\/shop\/index.php\/en\/produkt\/banana-ride\/\" \/>\n<meta property=\"og:site_name\" content=\"Pot\u00e1p\u011bn\u00ed V HURGHAD\u011a\" \/>\n<meta property=\"og:image\" content=\"https:\/\/www.divinghurghada.eu\/shop\/wp-content\/uploads\/2022\/10\/5148524.jpeg\" \/>\n\t<meta property=\"og:image:width\" content=\"620\" \/>\n\t<meta property=\"og:image:height\" content=\"328\" \/>\n\t<meta property=\"og:image:type\" content=\"image\/jpeg\" \/>\n<meta name=\"twitter:card\" content=\"summary_large_image\" \/>\n<meta name=\"twitter:label1\" content=\"Predpokladan\u00fd \u010das \u010d\u00edtania\" \/>\n\t<meta name=\"twitter:data1\" content=\"1 min\u00fata\" \/>\n<script type=\"application\/ld+json\" class=\"yoast-schema-graph\">{\"@context\":\"https:\/\/schema.org\",\"@graph\":[{\"@type\":\"WebPage\",\"@id\":\"https:\/\/www.divinghurghada.eu\/shop\/index.php\/en\/produkt\/banana-ride\/\",\"url\":\"https:\/\/www.divinghurghada.eu\/shop\/index.php\/en\/produkt\/banana-ride\/\",\"name\":\"BANANA RIDE - Pot\u00e1p\u011bn\u00ed V HURGHAD\u011a\",\"isPartOf\":{\"@id\":\"https:\/\/www.divinghurghada.eu\/shop\/#website\"},\"primaryImageOfPage\":{\"@id\":\"https:\/\/www.divinghurghada.eu\/shop\/index.php\/en\/produkt\/banana-ride\/#primaryimage\"},\"image\":{\"@id\":\"https:\/\/www.divinghurghada.eu\/shop\/index.php\/en\/produkt\/banana-ride\/#primaryimage\"},\"thumbnailUrl\":\"https:\/\/www.divinghurghada.eu\/shop\/wp-content\/uploads\/2022\/10\/5148524.jpeg\",\"datePublished\":\"2022-10-15T21:19:30+00:00\",\"breadcrumb\":{\"@id\":\"https:\/\/www.divinghurghada.eu\/shop\/index.php\/en\/produkt\/banana-ride\/#breadcrumb\"},\"inLanguage\":\"sk-SK\",\"potentialAction\":[{\"@type\":\"ReadAction\",\"target\":[\"https:\/\/www.divinghurghada.eu\/shop\/index.php\/en\/produkt\/banana-ride\/\"]}]},{\"@type\":\"ImageObject\",\"inLanguage\":\"sk-SK\",\"@id\":\"https:\/\/www.divinghurghada.eu\/shop\/index.php\/en\/produkt\/banana-ride\/#primaryimage\",\"url\":\"https:\/\/www.divinghurghada.eu\/shop\/wp-content\/uploads\/2022\/10\/5148524.jpeg\",\"contentUrl\":\"https:\/\/www.divinghurghada.eu\/shop\/wp-content\/uploads\/2022\/10\/5148524.jpeg\",\"width\":620,\"height\":328},{\"@type\":\"BreadcrumbList\",\"@id\":\"https:\/\/www.divinghurghada.eu\/shop\/index.php\/en\/produkt\/banana-ride\/#breadcrumb\",\"itemListElement\":[{\"@type\":\"ListItem\",\"position\":1,\"name\":\"Home\",\"item\":\"https:\/\/www.divinghurghada.eu\/shop\/\"},{\"@type\":\"ListItem\",\"position\":2,\"name\":\"rezervace\",\"item\":\"https:\/\/www.divinghurghada.eu\/shop\/\"},{\"@type\":\"ListItem\",\"position\":3,\"name\":\"BANANA RIDE\"}]},{\"@type\":\"WebSite\",\"@id\":\"https:\/\/www.divinghurghada.eu\/shop\/#website\",\"url\":\"https:\/\/www.divinghurghada.eu\/shop\/\",\"name\":\"Pot\u00e1p\u011bn\u00ed V HURGHAD\u011a\",\"description\":\"Terapii neopt\u0159ebuje\u0161, pot\u0159ebuje\u0161 se jen pot\u00e1p\u011bt.\",\"publisher\":{\"@id\":\"https:\/\/www.divinghurghada.eu\/shop\/#organization\"},\"potentialAction\":[{\"@type\":\"SearchAction\",\"target\":{\"@type\":\"EntryPoint\",\"urlTemplate\":\"https:\/\/www.divinghurghada.eu\/shop\/?s={search_term_string}\"},\"query-input\":{\"@type\":\"PropertyValueSpecification\",\"valueRequired\":true,\"valueName\":\"search_term_string\"}}],\"inLanguage\":\"sk-SK\"},{\"@type\":\"Organization\",\"@id\":\"https:\/\/www.divinghurghada.eu\/shop\/#organization\",\"name\":\"Pot\u00e1p\u011bn\u00ed V HURGHAD\u011a\",\"url\":\"https:\/\/www.divinghurghada.eu\/shop\/\",\"logo\":{\"@type\":\"ImageObject\",\"inLanguage\":\"sk-SK\",\"@id\":\"https:\/\/www.divinghurghada.eu\/shop\/#\/schema\/logo\/image\/\",\"url\":\"https:\/\/www.divinghurghada.eu\/shop\/wp-content\/uploads\/2023\/11\/logo-w.png\",\"contentUrl\":\"https:\/\/www.divinghurghada.eu\/shop\/wp-content\/uploads\/2023\/11\/logo-w.png\",\"width\":141,\"height\":70,\"caption\":\"Pot\u00e1p\u011bn\u00ed V HURGHAD\u011a\"},\"image\":{\"@id\":\"https:\/\/www.divinghurghada.eu\/shop\/#\/schema\/logo\/image\/\"}}]}<\/script>\n<!-- \/ Yoast SEO plugin. -->","yoast_head_json":{"title":"BANANA RIDE - Pot\u00e1p\u011bn\u00ed V HURGHAD\u011a","robots":{"index":"index","follow":"follow","max-snippet":"max-snippet:-1","max-image-preview":"max-image-preview:large","max-video-preview":"max-video-preview:-1"},"canonical":"https:\/\/www.divinghurghada.eu\/shop\/index.php\/en\/produkt\/banana-ride\/","og_locale":"sk_SK","og_type":"article","og_title":"BANANA RIDE - Pot\u00e1p\u011bn\u00ed V HURGHAD\u011a","og_description":"Enjoy the joy of a child and jump on a banana in the waves. Great fun for all ages. Possible to add Dolphin House and Mangrove Island to the trip.","og_url":"https:\/\/www.divinghurghada.eu\/shop\/index.php\/en\/produkt\/banana-ride\/","og_site_name":"Pot\u00e1p\u011bn\u00ed V HURGHAD\u011a","og_image":[{"width":620,"height":328,"url":"https:\/\/www.divinghurghada.eu\/shop\/wp-content\/uploads\/2022\/10\/5148524.jpeg","type":"image\/jpeg"}],"twitter_card":"summary_large_image","twitter_misc":{"Predpokladan\u00fd \u010das \u010d\u00edtania":"1 min\u00fata"},"schema":{"@context":"https:\/\/schema.org","@graph":[{"@type":"WebPage","@id":"https:\/\/www.divinghurghada.eu\/shop\/index.php\/en\/produkt\/banana-ride\/","url":"https:\/\/www.divinghurghada.eu\/shop\/index.php\/en\/produkt\/banana-ride\/","name":"BANANA RIDE - Pot\u00e1p\u011bn\u00ed V HURGHAD\u011a","isPartOf":{"@id":"https:\/\/www.divinghurghada.eu\/shop\/#website"},"primaryImageOfPage":{"@id":"https:\/\/www.divinghurghada.eu\/shop\/index.php\/en\/produkt\/banana-ride\/#primaryimage"},"image":{"@id":"https:\/\/www.divinghurghada.eu\/shop\/index.php\/en\/produkt\/banana-ride\/#primaryimage"},"thumbnailUrl":"https:\/\/www.divinghurghada.eu\/shop\/wp-content\/uploads\/2022\/10\/5148524.jpeg","datePublished":"2022-10-15T21:19:30+00:00","breadcrumb":{"@id":"https:\/\/www.divinghurghada.eu\/shop\/index.php\/en\/produkt\/banana-ride\/#breadcrumb"},"inLanguage":"sk-SK","potentialAction":[{"@type":"ReadAction","target":["https:\/\/www.divinghurghada.eu\/shop\/index.php\/en\/produkt\/banana-ride\/"]}]},{"@type":"ImageObject","inLanguage":"sk-SK","@id":"https:\/\/www.divinghurghada.eu\/shop\/index.php\/en\/produkt\/banana-ride\/#primaryimage","url":"https:\/\/www.divinghurghada.eu\/shop\/wp-content\/uploads\/2022\/10\/5148524.jpeg","contentUrl":"https:\/\/www.divinghurghada.eu\/shop\/wp-content\/uploads\/2022\/10\/5148524.jpeg","width":620,"height":328},{"@type":"BreadcrumbList","@id":"https:\/\/www.divinghurghada.eu\/shop\/index.php\/en\/produkt\/banana-ride\/#breadcrumb","itemListElement":[{"@type":"ListItem","position":1,"name":"Home","item":"https:\/\/www.divinghurghada.eu\/shop\/"},{"@type":"ListItem","position":2,"name":"rezervace","item":"https:\/\/www.divinghurghada.eu\/shop\/"},{"@type":"ListItem","position":3,"name":"BANANA RIDE"}]},{"@type":"WebSite","@id":"https:\/\/www.divinghurghada.eu\/shop\/#website","url":"https:\/\/www.divinghurghada.eu\/shop\/","name":"Pot\u00e1p\u011bn\u00ed V HURGHAD\u011a","description":"Terapii neopt\u0159ebuje\u0161, pot\u0159ebuje\u0161 se jen pot\u00e1p\u011bt.","publisher":{"@id":"https:\/\/www.divinghurghada.eu\/shop\/#organization"},"potentialAction":[{"@type":"SearchAction","target":{"@type":"EntryPoint","urlTemplate":"https:\/\/www.divinghurghada.eu\/shop\/?s={search_term_string}"},"query-input":{"@type":"PropertyValueSpecification","valueRequired":true,"valueName":"search_term_string"}}],"inLanguage":"sk-SK"},{"@type":"Organization","@id":"https:\/\/www.divinghurghada.eu\/shop\/#organization","name":"Pot\u00e1p\u011bn\u00ed V HURGHAD\u011a","url":"https:\/\/www.divinghurghada.eu\/shop\/","logo":{"@type":"ImageObject","inLanguage":"sk-SK","@id":"https:\/\/www.divinghurghada.eu\/shop\/#\/schema\/logo\/image\/","url":"https:\/\/www.divinghurghada.eu\/shop\/wp-content\/uploads\/2023\/11\/logo-w.png","contentUrl":"https:\/\/www.divinghurghada.eu\/shop\/wp-content\/uploads\/2023\/11\/logo-w.png","width":141,"height":70,"caption":"Pot\u00e1p\u011bn\u00ed V HURGHAD\u011a"},"image":{"@id":"https:\/\/www.divinghurghada.eu\/shop\/#\/schema\/logo\/image\/"}}]}},"jetpack_sharing_enabled":true,"_links":{"self":[{"href":"https:\/\/www.divinghurghada.eu\/shop\/index.php\/wp-json\/wp\/v2\/product\/580","targetHints":{"allow":["GET"]}}],"collection":[{"href":"https:\/\/www.divinghurghada.eu\/shop\/index.php\/wp-json\/wp\/v2\/product"}],"about":[{"href":"https:\/\/www.divinghurghada.eu\/shop\/index.php\/wp-json\/wp\/v2\/types\/product"}],"replies":[{"embeddable":true,"href":"https:\/\/www.divinghurghada.eu\/shop\/index.php\/wp-json\/wp\/v2\/comments?post=580"}],"wp:featuredmedia":[{"embeddable":true,"href":"https:\/\/www.divinghurghada.eu\/shop\/index.php\/wp-json\/wp\/v2\/media\/367"}],"wp:attachment":[{"href":"https:\/\/www.divinghurghada.eu\/shop\/index.php\/wp-json\/wp\/v2\/media?parent=580"}],"wp:term":[{"taxonomy":"product_brand","embeddable":true,"href":"https:\/\/www.divinghurghada.eu\/shop\/index.php\/wp-json\/wp\/v2\/product_brand?post=580"},{"taxonomy":"product_cat","embeddable":true,"href":"https:\/\/www.divinghurghada.eu\/shop\/index.php\/wp-json\/wp\/v2\/product_cat?post=580"},{"taxonomy":"product_tag","embeddable":true,"href":"https:\/\/www.divinghurghada.eu\/shop\/index.php\/wp-json\/wp\/v2\/product_tag?post=580"}],"curies":[{"name":"wp","href":"https:\/\/api.w.org\/{rel}","templated":true}]}}