{"id":618,"date":"2022-10-16T14:44:09","date_gmt":"2022-10-16T14:44:09","guid":{"rendered":"https:\/\/www.divinghurghada.eu\/shop\/?post_type=product&#038;p=618"},"modified":"2025-04-16T11:26:48","modified_gmt":"2025-04-16T11:26:48","slug":"diving-hurghada","status":"publish","type":"product","link":"https:\/\/www.divinghurghada.eu\/shop\/index.php\/en\/produkt\/diving-hurghada\/","title":{"rendered":"diving extra"},"content":{"rendered":"<p>Diving for certified divers. Extra diving is <a href=\"https:\/\/www.divinghurghada.eu\/shop\/index.php\/en\/produkt\/private-trip\/\">daily diving<\/a> in places further away from Hurghada, where other <a href=\"https:\/\/www.divinghurghada.eu\/shop\/index.php\/en\/produkt\/drift-diver-2\/\">boats<\/a> rarely come. Here you will see beautiful, diverse cliffs full of life, you will meet creatures that do not live near the coast, and the sea is deeper in some places. You will enjoy 2 dives from a boat or a boat. Meanwhile, good food, rest. Qualified instructors speaking <a href=\"https:\/\/www.facebook.com\/potapaniehurghada\/\" target=\"_blank\" rel=\"noopener\">Czech<\/a> and English will be happy to give you advice and help if necessary.<\/p>\n","protected":false},"excerpt":{"rendered":"<p>Diving for certified divers. Extra diving is daily diving in places further away from Hurghada, where other boats rarely come. Here you will see beautiful, diverse cliffs full of life, you will meet creatures that do not live near the coast, and the sea is deeper in some places. You will enjoy 2 dives from a boat or a boat. Meanwhile, good food, rest. Qualified instructors speaking Czech and English will be happy to give you advice and help if necessary.<\/p>\n","protected":false},"featured_media":342,"comment_status":"open","ping_status":"closed","template":"","meta":{"om_disable_all_campaigns":false,"_monsterinsights_skip_tracking":false,"_monsterinsights_sitenote_active":false,"_monsterinsights_sitenote_note":"","_monsterinsights_sitenote_category":0},"product_brand":[],"product_cat":[60],"product_tag":[],"class_list":{"0":"post-618","1":"product","2":"type-product","3":"status-publish","4":"has-post-thumbnail","6":"product_cat-diving","7":"bookacti-activity","9":"first","10":"instock","11":"virtual","12":"purchasable","13":"product-type-simple"},"yoast_head":"<!-- This site is optimized with the Yoast SEO plugin v26.7 - https:\/\/yoast.com\/wordpress\/plugins\/seo\/ -->\n<title>diving HURGHADA - Pot\u00e1p\u011bn\u00ed V HURGHAD\u011a<\/title>\n<meta name=\"description\" content=\"Diving in Hurhada for certified divers. Extra diving is daily diving in places further away from Hurghada, where other boats rarely come.\" \/>\n<meta name=\"robots\" content=\"index, follow, max-snippet:-1, max-image-preview:large, max-video-preview:-1\" \/>\n<link rel=\"canonical\" href=\"https:\/\/www.divinghurghada.eu\/shop\/index.php\/en\/produkt\/diving-hurghada\/\" \/>\n<meta property=\"og:locale\" content=\"sk_SK\" \/>\n<meta property=\"og:type\" content=\"article\" \/>\n<meta property=\"og:title\" content=\"diving HURGHADA - Pot\u00e1p\u011bn\u00ed V HURGHAD\u011a\" \/>\n<meta property=\"og:description\" content=\"Diving in Hurhada for certified divers. Extra diving is daily diving in places further away from Hurghada, where other boats rarely come.\" \/>\n<meta property=\"og:url\" content=\"https:\/\/www.divinghurghada.eu\/shop\/index.php\/en\/produkt\/diving-hurghada\/\" \/>\n<meta property=\"og:site_name\" content=\"Pot\u00e1p\u011bn\u00ed V HURGHAD\u011a\" \/>\n<meta property=\"article:modified_time\" content=\"2025-04-16T11:26:48+00:00\" \/>\n<meta property=\"og:image\" content=\"https:\/\/www.divinghurghada.eu\/shop\/wp-content\/uploads\/2022\/09\/1664524803128.jpeg\" \/>\n\t<meta property=\"og:image:width\" content=\"2048\" \/>\n\t<meta property=\"og:image:height\" content=\"1536\" \/>\n\t<meta property=\"og:image:type\" content=\"image\/jpeg\" \/>\n<meta name=\"twitter:card\" content=\"summary_large_image\" \/>\n<meta name=\"twitter:label1\" content=\"Predpokladan\u00fd \u010das \u010d\u00edtania\" \/>\n\t<meta name=\"twitter:data1\" content=\"1 min\u00fata\" \/>\n<script type=\"application\/ld+json\" class=\"yoast-schema-graph\">{\"@context\":\"https:\/\/schema.org\",\"@graph\":[{\"@type\":\"WebPage\",\"@id\":\"https:\/\/www.divinghurghada.eu\/shop\/index.php\/en\/produkt\/diving-hurghada\/\",\"url\":\"https:\/\/www.divinghurghada.eu\/shop\/index.php\/en\/produkt\/diving-hurghada\/\",\"name\":\"diving HURGHADA - Pot\u00e1p\u011bn\u00ed V HURGHAD\u011a\",\"isPartOf\":{\"@id\":\"https:\/\/www.divinghurghada.eu\/shop\/#website\"},\"primaryImageOfPage\":{\"@id\":\"https:\/\/www.divinghurghada.eu\/shop\/index.php\/en\/produkt\/diving-hurghada\/#primaryimage\"},\"image\":{\"@id\":\"https:\/\/www.divinghurghada.eu\/shop\/index.php\/en\/produkt\/diving-hurghada\/#primaryimage\"},\"thumbnailUrl\":\"https:\/\/www.divinghurghada.eu\/shop\/wp-content\/uploads\/2022\/09\/1664524803128.jpeg\",\"datePublished\":\"2022-10-16T14:44:09+00:00\",\"dateModified\":\"2025-04-16T11:26:48+00:00\",\"description\":\"Diving in Hurhada for certified divers. Extra diving is daily diving in places further away from Hurghada, where other boats rarely come.\",\"breadcrumb\":{\"@id\":\"https:\/\/www.divinghurghada.eu\/shop\/index.php\/en\/produkt\/diving-hurghada\/#breadcrumb\"},\"inLanguage\":\"sk-SK\",\"potentialAction\":[{\"@type\":\"ReadAction\",\"target\":[\"https:\/\/www.divinghurghada.eu\/shop\/index.php\/en\/produkt\/diving-hurghada\/\"]}]},{\"@type\":\"ImageObject\",\"inLanguage\":\"sk-SK\",\"@id\":\"https:\/\/www.divinghurghada.eu\/shop\/index.php\/en\/produkt\/diving-hurghada\/#primaryimage\",\"url\":\"https:\/\/www.divinghurghada.eu\/shop\/wp-content\/uploads\/2022\/09\/1664524803128.jpeg\",\"contentUrl\":\"https:\/\/www.divinghurghada.eu\/shop\/wp-content\/uploads\/2022\/09\/1664524803128.jpeg\",\"width\":2048,\"height\":1536,\"caption\":\"diving hurghada, Pot\u00e1p\u011bn\u00ed v Hurghade\"},{\"@type\":\"BreadcrumbList\",\"@id\":\"https:\/\/www.divinghurghada.eu\/shop\/index.php\/en\/produkt\/diving-hurghada\/#breadcrumb\",\"itemListElement\":[{\"@type\":\"ListItem\",\"position\":1,\"name\":\"Home\",\"item\":\"https:\/\/www.divinghurghada.eu\/shop\/\"},{\"@type\":\"ListItem\",\"position\":2,\"name\":\"rezervace\",\"item\":\"https:\/\/www.divinghurghada.eu\/shop\/\"},{\"@type\":\"ListItem\",\"position\":3,\"name\":\"diving extra\"}]},{\"@type\":\"WebSite\",\"@id\":\"https:\/\/www.divinghurghada.eu\/shop\/#website\",\"url\":\"https:\/\/www.divinghurghada.eu\/shop\/\",\"name\":\"Pot\u00e1p\u011bn\u00ed V HURGHAD\u011a\",\"description\":\"Terapii neopt\u0159ebuje\u0161, pot\u0159ebuje\u0161 se jen pot\u00e1p\u011bt.\",\"publisher\":{\"@id\":\"https:\/\/www.divinghurghada.eu\/shop\/#organization\"},\"potentialAction\":[{\"@type\":\"SearchAction\",\"target\":{\"@type\":\"EntryPoint\",\"urlTemplate\":\"https:\/\/www.divinghurghada.eu\/shop\/?s={search_term_string}\"},\"query-input\":{\"@type\":\"PropertyValueSpecification\",\"valueRequired\":true,\"valueName\":\"search_term_string\"}}],\"inLanguage\":\"sk-SK\"},{\"@type\":\"Organization\",\"@id\":\"https:\/\/www.divinghurghada.eu\/shop\/#organization\",\"name\":\"Pot\u00e1p\u011bn\u00ed V HURGHAD\u011a\",\"url\":\"https:\/\/www.divinghurghada.eu\/shop\/\",\"logo\":{\"@type\":\"ImageObject\",\"inLanguage\":\"sk-SK\",\"@id\":\"https:\/\/www.divinghurghada.eu\/shop\/#\/schema\/logo\/image\/\",\"url\":\"https:\/\/www.divinghurghada.eu\/shop\/wp-content\/uploads\/2023\/11\/logo-w.png\",\"contentUrl\":\"https:\/\/www.divinghurghada.eu\/shop\/wp-content\/uploads\/2023\/11\/logo-w.png\",\"width\":141,\"height\":70,\"caption\":\"Pot\u00e1p\u011bn\u00ed V HURGHAD\u011a\"},\"image\":{\"@id\":\"https:\/\/www.divinghurghada.eu\/shop\/#\/schema\/logo\/image\/\"}}]}<\/script>\n<!-- \/ Yoast SEO plugin. -->","yoast_head_json":{"title":"diving HURGHADA - Pot\u00e1p\u011bn\u00ed V HURGHAD\u011a","description":"Diving in Hurhada for certified divers. Extra diving is daily diving in places further away from Hurghada, where other boats rarely come.","robots":{"index":"index","follow":"follow","max-snippet":"max-snippet:-1","max-image-preview":"max-image-preview:large","max-video-preview":"max-video-preview:-1"},"canonical":"https:\/\/www.divinghurghada.eu\/shop\/index.php\/en\/produkt\/diving-hurghada\/","og_locale":"sk_SK","og_type":"article","og_title":"diving HURGHADA - Pot\u00e1p\u011bn\u00ed V HURGHAD\u011a","og_description":"Diving in Hurhada for certified divers. Extra diving is daily diving in places further away from Hurghada, where other boats rarely come.","og_url":"https:\/\/www.divinghurghada.eu\/shop\/index.php\/en\/produkt\/diving-hurghada\/","og_site_name":"Pot\u00e1p\u011bn\u00ed V HURGHAD\u011a","article_modified_time":"2025-04-16T11:26:48+00:00","og_image":[{"width":2048,"height":1536,"url":"https:\/\/www.divinghurghada.eu\/shop\/wp-content\/uploads\/2022\/09\/1664524803128.jpeg","type":"image\/jpeg"}],"twitter_card":"summary_large_image","twitter_misc":{"Predpokladan\u00fd \u010das \u010d\u00edtania":"1 min\u00fata"},"schema":{"@context":"https:\/\/schema.org","@graph":[{"@type":"WebPage","@id":"https:\/\/www.divinghurghada.eu\/shop\/index.php\/en\/produkt\/diving-hurghada\/","url":"https:\/\/www.divinghurghada.eu\/shop\/index.php\/en\/produkt\/diving-hurghada\/","name":"diving HURGHADA - Pot\u00e1p\u011bn\u00ed V HURGHAD\u011a","isPartOf":{"@id":"https:\/\/www.divinghurghada.eu\/shop\/#website"},"primaryImageOfPage":{"@id":"https:\/\/www.divinghurghada.eu\/shop\/index.php\/en\/produkt\/diving-hurghada\/#primaryimage"},"image":{"@id":"https:\/\/www.divinghurghada.eu\/shop\/index.php\/en\/produkt\/diving-hurghada\/#primaryimage"},"thumbnailUrl":"https:\/\/www.divinghurghada.eu\/shop\/wp-content\/uploads\/2022\/09\/1664524803128.jpeg","datePublished":"2022-10-16T14:44:09+00:00","dateModified":"2025-04-16T11:26:48+00:00","description":"Diving in Hurhada for certified divers. Extra diving is daily diving in places further away from Hurghada, where other boats rarely come.","breadcrumb":{"@id":"https:\/\/www.divinghurghada.eu\/shop\/index.php\/en\/produkt\/diving-hurghada\/#breadcrumb"},"inLanguage":"sk-SK","potentialAction":[{"@type":"ReadAction","target":["https:\/\/www.divinghurghada.eu\/shop\/index.php\/en\/produkt\/diving-hurghada\/"]}]},{"@type":"ImageObject","inLanguage":"sk-SK","@id":"https:\/\/www.divinghurghada.eu\/shop\/index.php\/en\/produkt\/diving-hurghada\/#primaryimage","url":"https:\/\/www.divinghurghada.eu\/shop\/wp-content\/uploads\/2022\/09\/1664524803128.jpeg","contentUrl":"https:\/\/www.divinghurghada.eu\/shop\/wp-content\/uploads\/2022\/09\/1664524803128.jpeg","width":2048,"height":1536,"caption":"diving hurghada, Pot\u00e1p\u011bn\u00ed v Hurghade"},{"@type":"BreadcrumbList","@id":"https:\/\/www.divinghurghada.eu\/shop\/index.php\/en\/produkt\/diving-hurghada\/#breadcrumb","itemListElement":[{"@type":"ListItem","position":1,"name":"Home","item":"https:\/\/www.divinghurghada.eu\/shop\/"},{"@type":"ListItem","position":2,"name":"rezervace","item":"https:\/\/www.divinghurghada.eu\/shop\/"},{"@type":"ListItem","position":3,"name":"diving extra"}]},{"@type":"WebSite","@id":"https:\/\/www.divinghurghada.eu\/shop\/#website","url":"https:\/\/www.divinghurghada.eu\/shop\/","name":"Pot\u00e1p\u011bn\u00ed V HURGHAD\u011a","description":"Terapii neopt\u0159ebuje\u0161, pot\u0159ebuje\u0161 se jen pot\u00e1p\u011bt.","publisher":{"@id":"https:\/\/www.divinghurghada.eu\/shop\/#organization"},"potentialAction":[{"@type":"SearchAction","target":{"@type":"EntryPoint","urlTemplate":"https:\/\/www.divinghurghada.eu\/shop\/?s={search_term_string}"},"query-input":{"@type":"PropertyValueSpecification","valueRequired":true,"valueName":"search_term_string"}}],"inLanguage":"sk-SK"},{"@type":"Organization","@id":"https:\/\/www.divinghurghada.eu\/shop\/#organization","name":"Pot\u00e1p\u011bn\u00ed V HURGHAD\u011a","url":"https:\/\/www.divinghurghada.eu\/shop\/","logo":{"@type":"ImageObject","inLanguage":"sk-SK","@id":"https:\/\/www.divinghurghada.eu\/shop\/#\/schema\/logo\/image\/","url":"https:\/\/www.divinghurghada.eu\/shop\/wp-content\/uploads\/2023\/11\/logo-w.png","contentUrl":"https:\/\/www.divinghurghada.eu\/shop\/wp-content\/uploads\/2023\/11\/logo-w.png","width":141,"height":70,"caption":"Pot\u00e1p\u011bn\u00ed V HURGHAD\u011a"},"image":{"@id":"https:\/\/www.divinghurghada.eu\/shop\/#\/schema\/logo\/image\/"}}]}},"jetpack_sharing_enabled":true,"_links":{"self":[{"href":"https:\/\/www.divinghurghada.eu\/shop\/index.php\/wp-json\/wp\/v2\/product\/618","targetHints":{"allow":["GET"]}}],"collection":[{"href":"https:\/\/www.divinghurghada.eu\/shop\/index.php\/wp-json\/wp\/v2\/product"}],"about":[{"href":"https:\/\/www.divinghurghada.eu\/shop\/index.php\/wp-json\/wp\/v2\/types\/product"}],"replies":[{"embeddable":true,"href":"https:\/\/www.divinghurghada.eu\/shop\/index.php\/wp-json\/wp\/v2\/comments?post=618"}],"wp:featuredmedia":[{"embeddable":true,"href":"https:\/\/www.divinghurghada.eu\/shop\/index.php\/wp-json\/wp\/v2\/media\/342"}],"wp:attachment":[{"href":"https:\/\/www.divinghurghada.eu\/shop\/index.php\/wp-json\/wp\/v2\/media?parent=618"}],"wp:term":[{"taxonomy":"product_brand","embeddable":true,"href":"https:\/\/www.divinghurghada.eu\/shop\/index.php\/wp-json\/wp\/v2\/product_brand?post=618"},{"taxonomy":"product_cat","embeddable":true,"href":"https:\/\/www.divinghurghada.eu\/shop\/index.php\/wp-json\/wp\/v2\/product_cat?post=618"},{"taxonomy":"product_tag","embeddable":true,"href":"https:\/\/www.divinghurghada.eu\/shop\/index.php\/wp-json\/wp\/v2\/product_tag?post=618"}],"curies":[{"name":"wp","href":"https:\/\/api.w.org\/{rel}","templated":true}]}}