{"id":625,"date":"2022-10-16T15:42:18","date_gmt":"2022-10-16T15:42:18","guid":{"rendered":"https:\/\/www.divinghurghada.eu\/shop\/?post_type=product&#038;p=625"},"modified":"2022-11-17T19:20:26","modified_gmt":"2022-11-17T19:20:26","slug":"advanced-diver-2","status":"publish","type":"product","link":"https:\/\/www.divinghurghada.eu\/shop\/index.php\/en\/produkt\/advanced-diver-2\/","title":{"rendered":"Advanced Diver"},"content":{"rendered":"<h2>The SDI Advanced Diver<\/h2>\n<p>Program was created to make truly \u201cAdvanced Divers.\u201d During the course, your Instructor will take you through four complete SDI, TDI, or ERDI specialty <a href=\"https:\/\/www.divinghurghada.eu\/shop\/index.php\/en\/produkt\/underwater-photographer-diver-2\/\">courses<\/a> (for example; Deep, Navigation, Photo, Video, Intro to Tech, Tender, etc.) covering all the skills and subjects, so that by the end you will feel comfortable to conduct dives of a similar nature. Once you have logged your 25th dive (these can include any and all training dives), visit your local SDI facility with your logbook and verification of completing four SDI, TDI, and ERDI <a href=\"https:\/\/www.divinghurghada.eu\/shop\/index.php\/en\/produkt\/1speed-boat\/\">specialties<\/a> and you will be awarded the SDI Advanced Scuba Diver certification.<\/p>\n<p>By earning the SDI Advanced Scuba Diver certification you will have increased abilities and comfort in the water and be ready for the next step, SDI Rescue Diver.<\/p>\n<h3>Who this course Advanced Diver is for:<\/h3>\n<ul>\n<li>Any certified open water scuba diver who wishes to expand their diving knowledge and skill set<\/li>\n<li>Any certified open water scuba diver who would like to advance their dive training<\/li>\n<li>Any SDI Advanced Adventure diver or equivalent who would like to receive more <a href=\"https:\/\/www.facebook.com\/potapaniehurghada\/\" target=\"_blank\" rel=\"noopener\">experience<\/a> in the specialties they participated in during their SDI Advanced Adventure diver program<\/li>\n<\/ul>\n<h3>Course \u00a0prerequisites:<\/h3>\n<ul>\n<li>SDI Open Water Scuba Diver, SDI Junior Open Water Scuba Diver, or equivalent<\/li>\n<li>Minimum age 18, 10 with parental consent<\/li>\n<\/ul>\n<p><em>*Note: Junior divers (10-15) can only take specialties approved for their age<\/em><\/p>\n<h3>What you can expect to learn:<\/h3>\n<ul>\n<li>Detailed information about four SDI, TDI, or ERDI Diver specialties of your choice<\/li>\n<\/ul>\n<h3>What\u2019s in it for you?<\/h3>\n<ul>\n<li>An opportunity to experience several SDI, TDI, or ERDI specialties at the sport level<\/li>\n<li>Continued diver education, skills, and knowledge<\/li>\n<li>Ability to enroll in\/complete selected specialties<\/li>\n<li>After successful completion, ability to enroll in the SDI Rescue Diver Course<\/li>\n<\/ul>\n<h3>\u00a0minimum requirements:<\/h3>\n<ul>\n<li>Complete four SDI, TDI, or ERDI Specialty Diver courses or equivalent; only 1 course without dives. May be credited towards the SDI Advanced Diver development program, with the exception of SDI Computer Nitrox<\/li>\n<li>Proof of 25 logged dives<\/li>\n<li>After the previous requirements are met and verified by an instructor, the instructor issues the SDI Advanced Open Water Diver certification by submitting the SDI Diver Registration form to SDI Headquarters or the appropriate Regional Office, or registering the students online through member\u2019s area of the SDI website<\/li>\n<li>Requirements for the SDI Junior Advanced include the above requirements, provided the four specialty courses they have taken are allowed by their age<\/li>\n<\/ul>\n","protected":false},"excerpt":{"rendered":"<p>Program SDI Advanced Diver bol vytvoren\u00fd s cie\u013eom vytvori\u0165 skuto\u010dne \u201epokro\u010dil\u00fdch pot\u00e1pa\u010dov\u201c.\u00a0Po\u010das kurzu v\u00e1s v\u00e1\u0161 in\u0161truktor prevedie \u0161tyrmi kompletn\u00fdmi \u0161peci\u00e1lnymi kurzami SDI, TDI alebo ERDI (napr\u00edklad: Deep, Navigation, Photo, Video, Intro to Tech, Tender, at\u010f.), ktor\u00e9 pokr\u00fdvaj\u00fa v\u0161etky zru\u010dnosti a predmety, tak\u017ee na konci sa budete c\u00edti\u0165 pohodlne pri vykon\u00e1van\u00ed ponorov podobn\u00e9ho charakteru.<\/p>\n","protected":false},"featured_media":517,"comment_status":"open","ping_status":"closed","template":"","meta":{"om_disable_all_campaigns":false,"_monsterinsights_skip_tracking":false,"_monsterinsights_sitenote_active":false,"_monsterinsights_sitenote_note":"","_monsterinsights_sitenote_category":0},"product_brand":[],"product_cat":[52,50],"product_tag":[],"class_list":{"0":"post-625","1":"product","2":"type-product","3":"status-publish","4":"has-post-thumbnail","6":"product_cat-basic-sources","7":"product_cat-sdi-diving","9":"first","10":"instock","11":"shipping-taxable","12":"product-type-simple"},"yoast_head":"<!-- This site is optimized with the Yoast SEO plugin v26.7 - https:\/\/yoast.com\/wordpress\/plugins\/seo\/ -->\n<title>Advanced Diver - Pot\u00e1p\u011bn\u00ed V HURGHAD\u011a<\/title>\n<meta name=\"description\" content=\"Advanced Diver Program was created to make truly . During the course, your Instructor will take you through four complete SDI, TDI, or ERDI specialty courses\" \/>\n<meta name=\"robots\" content=\"index, follow, max-snippet:-1, max-image-preview:large, max-video-preview:-1\" \/>\n<link rel=\"canonical\" href=\"https:\/\/www.divinghurghada.eu\/shop\/index.php\/en\/produkt\/advanced-diver-2\/\" \/>\n<meta property=\"og:locale\" content=\"sk_SK\" \/>\n<meta property=\"og:type\" content=\"article\" \/>\n<meta property=\"og:title\" content=\"Advanced Diver - Pot\u00e1p\u011bn\u00ed V HURGHAD\u011a\" \/>\n<meta property=\"og:description\" content=\"Advanced Diver Program was created to make truly . During the course, your Instructor will take you through four complete SDI, TDI, or ERDI specialty courses\" \/>\n<meta property=\"og:url\" content=\"https:\/\/www.divinghurghada.eu\/shop\/index.php\/en\/produkt\/advanced-diver-2\/\" \/>\n<meta property=\"og:site_name\" content=\"Pot\u00e1p\u011bn\u00ed V HURGHAD\u011a\" \/>\n<meta property=\"article:modified_time\" content=\"2022-11-17T19:20:26+00:00\" \/>\n<meta property=\"og:image\" content=\"https:\/\/www.divinghurghada.eu\/shop\/wp-content\/uploads\/2022\/09\/received_1673661739655960.jpeg\" \/>\n\t<meta property=\"og:image:width\" content=\"2048\" \/>\n\t<meta property=\"og:image:height\" content=\"1536\" \/>\n\t<meta property=\"og:image:type\" content=\"image\/jpeg\" \/>\n<meta name=\"twitter:card\" content=\"summary_large_image\" \/>\n<meta name=\"twitter:label1\" content=\"Predpokladan\u00fd \u010das \u010d\u00edtania\" \/>\n\t<meta name=\"twitter:data1\" content=\"3 min\u00faty\" \/>\n<script type=\"application\/ld+json\" class=\"yoast-schema-graph\">{\"@context\":\"https:\/\/schema.org\",\"@graph\":[{\"@type\":\"WebPage\",\"@id\":\"https:\/\/www.divinghurghada.eu\/shop\/index.php\/en\/produkt\/advanced-diver-2\/\",\"url\":\"https:\/\/www.divinghurghada.eu\/shop\/index.php\/en\/produkt\/advanced-diver-2\/\",\"name\":\"Advanced Diver - Pot\u00e1p\u011bn\u00ed V HURGHAD\u011a\",\"isPartOf\":{\"@id\":\"https:\/\/www.divinghurghada.eu\/shop\/#website\"},\"primaryImageOfPage\":{\"@id\":\"https:\/\/www.divinghurghada.eu\/shop\/index.php\/en\/produkt\/advanced-diver-2\/#primaryimage\"},\"image\":{\"@id\":\"https:\/\/www.divinghurghada.eu\/shop\/index.php\/en\/produkt\/advanced-diver-2\/#primaryimage\"},\"thumbnailUrl\":\"https:\/\/www.divinghurghada.eu\/shop\/wp-content\/uploads\/2022\/09\/received_1673661739655960.jpeg\",\"datePublished\":\"2022-10-16T15:42:18+00:00\",\"dateModified\":\"2022-11-17T19:20:26+00:00\",\"description\":\"Advanced Diver Program was created to make truly . During the course, your Instructor will take you through four complete SDI, TDI, or ERDI specialty courses\",\"breadcrumb\":{\"@id\":\"https:\/\/www.divinghurghada.eu\/shop\/index.php\/en\/produkt\/advanced-diver-2\/#breadcrumb\"},\"inLanguage\":\"sk-SK\",\"potentialAction\":[{\"@type\":\"ReadAction\",\"target\":[\"https:\/\/www.divinghurghada.eu\/shop\/index.php\/en\/produkt\/advanced-diver-2\/\"]}]},{\"@type\":\"ImageObject\",\"inLanguage\":\"sk-SK\",\"@id\":\"https:\/\/www.divinghurghada.eu\/shop\/index.php\/en\/produkt\/advanced-diver-2\/#primaryimage\",\"url\":\"https:\/\/www.divinghurghada.eu\/shop\/wp-content\/uploads\/2022\/09\/received_1673661739655960.jpeg\",\"contentUrl\":\"https:\/\/www.divinghurghada.eu\/shop\/wp-content\/uploads\/2022\/09\/received_1673661739655960.jpeg\",\"width\":2048,\"height\":1536,\"caption\":\"Advanced Diver\"},{\"@type\":\"BreadcrumbList\",\"@id\":\"https:\/\/www.divinghurghada.eu\/shop\/index.php\/en\/produkt\/advanced-diver-2\/#breadcrumb\",\"itemListElement\":[{\"@type\":\"ListItem\",\"position\":1,\"name\":\"Home\",\"item\":\"https:\/\/www.divinghurghada.eu\/shop\/\"},{\"@type\":\"ListItem\",\"position\":2,\"name\":\"rezervace\",\"item\":\"https:\/\/www.divinghurghada.eu\/shop\/\"},{\"@type\":\"ListItem\",\"position\":3,\"name\":\"Advanced Diver\"}]},{\"@type\":\"WebSite\",\"@id\":\"https:\/\/www.divinghurghada.eu\/shop\/#website\",\"url\":\"https:\/\/www.divinghurghada.eu\/shop\/\",\"name\":\"Pot\u00e1p\u011bn\u00ed V HURGHAD\u011a\",\"description\":\"Terapii neopt\u0159ebuje\u0161, pot\u0159ebuje\u0161 se jen pot\u00e1p\u011bt.\",\"publisher\":{\"@id\":\"https:\/\/www.divinghurghada.eu\/shop\/#organization\"},\"potentialAction\":[{\"@type\":\"SearchAction\",\"target\":{\"@type\":\"EntryPoint\",\"urlTemplate\":\"https:\/\/www.divinghurghada.eu\/shop\/?s={search_term_string}\"},\"query-input\":{\"@type\":\"PropertyValueSpecification\",\"valueRequired\":true,\"valueName\":\"search_term_string\"}}],\"inLanguage\":\"sk-SK\"},{\"@type\":\"Organization\",\"@id\":\"https:\/\/www.divinghurghada.eu\/shop\/#organization\",\"name\":\"Pot\u00e1p\u011bn\u00ed V HURGHAD\u011a\",\"url\":\"https:\/\/www.divinghurghada.eu\/shop\/\",\"logo\":{\"@type\":\"ImageObject\",\"inLanguage\":\"sk-SK\",\"@id\":\"https:\/\/www.divinghurghada.eu\/shop\/#\/schema\/logo\/image\/\",\"url\":\"https:\/\/www.divinghurghada.eu\/shop\/wp-content\/uploads\/2023\/11\/logo-w.png\",\"contentUrl\":\"https:\/\/www.divinghurghada.eu\/shop\/wp-content\/uploads\/2023\/11\/logo-w.png\",\"width\":141,\"height\":70,\"caption\":\"Pot\u00e1p\u011bn\u00ed V HURGHAD\u011a\"},\"image\":{\"@id\":\"https:\/\/www.divinghurghada.eu\/shop\/#\/schema\/logo\/image\/\"}}]}<\/script>\n<!-- \/ Yoast SEO plugin. -->","yoast_head_json":{"title":"Advanced Diver - Pot\u00e1p\u011bn\u00ed V HURGHAD\u011a","description":"Advanced Diver Program was created to make truly . During the course, your Instructor will take you through four complete SDI, TDI, or ERDI specialty courses","robots":{"index":"index","follow":"follow","max-snippet":"max-snippet:-1","max-image-preview":"max-image-preview:large","max-video-preview":"max-video-preview:-1"},"canonical":"https:\/\/www.divinghurghada.eu\/shop\/index.php\/en\/produkt\/advanced-diver-2\/","og_locale":"sk_SK","og_type":"article","og_title":"Advanced Diver - Pot\u00e1p\u011bn\u00ed V HURGHAD\u011a","og_description":"Advanced Diver Program was created to make truly . During the course, your Instructor will take you through four complete SDI, TDI, or ERDI specialty courses","og_url":"https:\/\/www.divinghurghada.eu\/shop\/index.php\/en\/produkt\/advanced-diver-2\/","og_site_name":"Pot\u00e1p\u011bn\u00ed V HURGHAD\u011a","article_modified_time":"2022-11-17T19:20:26+00:00","og_image":[{"width":2048,"height":1536,"url":"https:\/\/www.divinghurghada.eu\/shop\/wp-content\/uploads\/2022\/09\/received_1673661739655960.jpeg","type":"image\/jpeg"}],"twitter_card":"summary_large_image","twitter_misc":{"Predpokladan\u00fd \u010das \u010d\u00edtania":"3 min\u00faty"},"schema":{"@context":"https:\/\/schema.org","@graph":[{"@type":"WebPage","@id":"https:\/\/www.divinghurghada.eu\/shop\/index.php\/en\/produkt\/advanced-diver-2\/","url":"https:\/\/www.divinghurghada.eu\/shop\/index.php\/en\/produkt\/advanced-diver-2\/","name":"Advanced Diver - Pot\u00e1p\u011bn\u00ed V HURGHAD\u011a","isPartOf":{"@id":"https:\/\/www.divinghurghada.eu\/shop\/#website"},"primaryImageOfPage":{"@id":"https:\/\/www.divinghurghada.eu\/shop\/index.php\/en\/produkt\/advanced-diver-2\/#primaryimage"},"image":{"@id":"https:\/\/www.divinghurghada.eu\/shop\/index.php\/en\/produkt\/advanced-diver-2\/#primaryimage"},"thumbnailUrl":"https:\/\/www.divinghurghada.eu\/shop\/wp-content\/uploads\/2022\/09\/received_1673661739655960.jpeg","datePublished":"2022-10-16T15:42:18+00:00","dateModified":"2022-11-17T19:20:26+00:00","description":"Advanced Diver Program was created to make truly . During the course, your Instructor will take you through four complete SDI, TDI, or ERDI specialty courses","breadcrumb":{"@id":"https:\/\/www.divinghurghada.eu\/shop\/index.php\/en\/produkt\/advanced-diver-2\/#breadcrumb"},"inLanguage":"sk-SK","potentialAction":[{"@type":"ReadAction","target":["https:\/\/www.divinghurghada.eu\/shop\/index.php\/en\/produkt\/advanced-diver-2\/"]}]},{"@type":"ImageObject","inLanguage":"sk-SK","@id":"https:\/\/www.divinghurghada.eu\/shop\/index.php\/en\/produkt\/advanced-diver-2\/#primaryimage","url":"https:\/\/www.divinghurghada.eu\/shop\/wp-content\/uploads\/2022\/09\/received_1673661739655960.jpeg","contentUrl":"https:\/\/www.divinghurghada.eu\/shop\/wp-content\/uploads\/2022\/09\/received_1673661739655960.jpeg","width":2048,"height":1536,"caption":"Advanced Diver"},{"@type":"BreadcrumbList","@id":"https:\/\/www.divinghurghada.eu\/shop\/index.php\/en\/produkt\/advanced-diver-2\/#breadcrumb","itemListElement":[{"@type":"ListItem","position":1,"name":"Home","item":"https:\/\/www.divinghurghada.eu\/shop\/"},{"@type":"ListItem","position":2,"name":"rezervace","item":"https:\/\/www.divinghurghada.eu\/shop\/"},{"@type":"ListItem","position":3,"name":"Advanced Diver"}]},{"@type":"WebSite","@id":"https:\/\/www.divinghurghada.eu\/shop\/#website","url":"https:\/\/www.divinghurghada.eu\/shop\/","name":"Pot\u00e1p\u011bn\u00ed V HURGHAD\u011a","description":"Terapii neopt\u0159ebuje\u0161, pot\u0159ebuje\u0161 se jen pot\u00e1p\u011bt.","publisher":{"@id":"https:\/\/www.divinghurghada.eu\/shop\/#organization"},"potentialAction":[{"@type":"SearchAction","target":{"@type":"EntryPoint","urlTemplate":"https:\/\/www.divinghurghada.eu\/shop\/?s={search_term_string}"},"query-input":{"@type":"PropertyValueSpecification","valueRequired":true,"valueName":"search_term_string"}}],"inLanguage":"sk-SK"},{"@type":"Organization","@id":"https:\/\/www.divinghurghada.eu\/shop\/#organization","name":"Pot\u00e1p\u011bn\u00ed V HURGHAD\u011a","url":"https:\/\/www.divinghurghada.eu\/shop\/","logo":{"@type":"ImageObject","inLanguage":"sk-SK","@id":"https:\/\/www.divinghurghada.eu\/shop\/#\/schema\/logo\/image\/","url":"https:\/\/www.divinghurghada.eu\/shop\/wp-content\/uploads\/2023\/11\/logo-w.png","contentUrl":"https:\/\/www.divinghurghada.eu\/shop\/wp-content\/uploads\/2023\/11\/logo-w.png","width":141,"height":70,"caption":"Pot\u00e1p\u011bn\u00ed V HURGHAD\u011a"},"image":{"@id":"https:\/\/www.divinghurghada.eu\/shop\/#\/schema\/logo\/image\/"}}]}},"jetpack_sharing_enabled":true,"_links":{"self":[{"href":"https:\/\/www.divinghurghada.eu\/shop\/index.php\/wp-json\/wp\/v2\/product\/625","targetHints":{"allow":["GET"]}}],"collection":[{"href":"https:\/\/www.divinghurghada.eu\/shop\/index.php\/wp-json\/wp\/v2\/product"}],"about":[{"href":"https:\/\/www.divinghurghada.eu\/shop\/index.php\/wp-json\/wp\/v2\/types\/product"}],"replies":[{"embeddable":true,"href":"https:\/\/www.divinghurghada.eu\/shop\/index.php\/wp-json\/wp\/v2\/comments?post=625"}],"wp:featuredmedia":[{"embeddable":true,"href":"https:\/\/www.divinghurghada.eu\/shop\/index.php\/wp-json\/wp\/v2\/media\/517"}],"wp:attachment":[{"href":"https:\/\/www.divinghurghada.eu\/shop\/index.php\/wp-json\/wp\/v2\/media?parent=625"}],"wp:term":[{"taxonomy":"product_brand","embeddable":true,"href":"https:\/\/www.divinghurghada.eu\/shop\/index.php\/wp-json\/wp\/v2\/product_brand?post=625"},{"taxonomy":"product_cat","embeddable":true,"href":"https:\/\/www.divinghurghada.eu\/shop\/index.php\/wp-json\/wp\/v2\/product_cat?post=625"},{"taxonomy":"product_tag","embeddable":true,"href":"https:\/\/www.divinghurghada.eu\/shop\/index.php\/wp-json\/wp\/v2\/product_tag?post=625"}],"curies":[{"name":"wp","href":"https:\/\/api.w.org\/{rel}","templated":true}]}}