{"id":749,"date":"2022-10-17T18:05:18","date_gmt":"2022-10-17T18:05:18","guid":{"rendered":"https:\/\/www.divinghurghada.eu\/shop\/?post_type=product&#038;p=749"},"modified":"2025-04-16T11:24:41","modified_gmt":"2025-04-16T11:24:41","slug":"intro-diving","status":"publish","type":"product","link":"https:\/\/www.divinghurghada.eu\/shop\/index.php\/en\/produkt\/intro-diving\/","title":{"rendered":"intro"},"content":{"rendered":"<p>Intro diving for beginners <a href=\"https:\/\/www.divinghurghada.eu\/shop\/index.php\/en\/produkt\/mangrove-island-2\/\" target=\"_blank\" rel=\"noopener\">without certification<\/a>. Discover the wonders of the Red Sea with us. Dive twice with an instructor or diving master to carefully introduce you to the secrets of diving. We&#8217;ll teach you the basics and familiarize you with the equipment before taking you on a beautiful, controlled dive at the perfect depth. Everyone, big or small, can explore the fascinating <a href=\"https:\/\/www.facebook.com\/potapaniehurghada\/\" target=\"_blank\" rel=\"noopener\">underwater world<\/a> of the Red Sea. You will not be deeper than 8 meters. Also suitable for <a href=\"https:\/\/www.divinghurghada.eu\/shop\/index.php\/en\/produkt\/paradise-beach\/\" target=\"_blank\" rel=\"noopener\">non-swimmers<\/a> and children from 10 years old.<\/p>\n","protected":false},"excerpt":{"rendered":"<p>For beginners without certification. Discover the wonders of the Red Sea with us. Dive twice with an instructor or diving master to carefully introduce you to the secrets of diving. We&#8217;ll teach you the basics and familiarize you with the equipment before taking you on a beautiful, controlled dive at the perfect depth. Everyone, big or small, can explore the fascinating underwater world of the Red Sea. You will not be deeper than 8 meters. Also suitable for non-swimmers and children from 10 years old.<\/p>\n","protected":false},"featured_media":949,"comment_status":"open","ping_status":"closed","template":"","meta":{"om_disable_all_campaigns":false,"_monsterinsights_skip_tracking":false,"_monsterinsights_sitenote_active":false,"_monsterinsights_sitenote_note":"","_monsterinsights_sitenote_category":0},"product_brand":[],"product_cat":[60],"product_tag":[],"class_list":{"0":"post-749","1":"product","2":"type-product","3":"status-publish","4":"has-post-thumbnail","6":"product_cat-diving","7":"bookacti-activity","9":"first","10":"instock","11":"virtual","12":"purchasable","13":"product-type-simple"},"yoast_head":"<!-- This site is optimized with the Yoast SEO plugin v26.7 - https:\/\/yoast.com\/wordpress\/plugins\/seo\/ -->\n<title>INTRO DIVING - Pot\u00e1p\u011bn\u00ed V HURGHAD\u011a<\/title>\n<meta name=\"description\" content=\"Intro diving for beginners without certification. Discover the wonders of the Red Sea with us. Dive twice with an instructor to carefully introduce you to\" \/>\n<meta name=\"robots\" content=\"index, follow, max-snippet:-1, max-image-preview:large, max-video-preview:-1\" \/>\n<link rel=\"canonical\" href=\"https:\/\/www.divinghurghada.eu\/shop\/index.php\/en\/produkt\/intro-diving\/\" \/>\n<meta property=\"og:locale\" content=\"sk_SK\" \/>\n<meta property=\"og:type\" content=\"article\" \/>\n<meta property=\"og:title\" content=\"INTRO DIVING - Pot\u00e1p\u011bn\u00ed V HURGHAD\u011a\" \/>\n<meta property=\"og:description\" content=\"Intro diving for beginners without certification. Discover the wonders of the Red Sea with us. Dive twice with an instructor to carefully introduce you to\" \/>\n<meta property=\"og:url\" content=\"https:\/\/www.divinghurghada.eu\/shop\/index.php\/en\/produkt\/intro-diving\/\" \/>\n<meta property=\"og:site_name\" content=\"Pot\u00e1p\u011bn\u00ed V HURGHAD\u011a\" \/>\n<meta property=\"article:modified_time\" content=\"2025-04-16T11:24:41+00:00\" \/>\n<meta property=\"og:image\" content=\"https:\/\/www.divinghurghada.eu\/shop\/wp-content\/uploads\/2022\/09\/1664524805247.jpg\" \/>\n\t<meta property=\"og:image:width\" content=\"1998\" \/>\n\t<meta property=\"og:image:height\" content=\"1500\" \/>\n\t<meta property=\"og:image:type\" content=\"image\/jpeg\" \/>\n<meta name=\"twitter:card\" content=\"summary_large_image\" \/>\n<meta name=\"twitter:label1\" content=\"Predpokladan\u00fd \u010das \u010d\u00edtania\" \/>\n\t<meta name=\"twitter:data1\" content=\"1 min\u00fata\" \/>\n<script type=\"application\/ld+json\" class=\"yoast-schema-graph\">{\"@context\":\"https:\/\/schema.org\",\"@graph\":[{\"@type\":\"WebPage\",\"@id\":\"https:\/\/www.divinghurghada.eu\/shop\/index.php\/en\/produkt\/intro-diving\/\",\"url\":\"https:\/\/www.divinghurghada.eu\/shop\/index.php\/en\/produkt\/intro-diving\/\",\"name\":\"INTRO DIVING - Pot\u00e1p\u011bn\u00ed V HURGHAD\u011a\",\"isPartOf\":{\"@id\":\"https:\/\/www.divinghurghada.eu\/shop\/#website\"},\"primaryImageOfPage\":{\"@id\":\"https:\/\/www.divinghurghada.eu\/shop\/index.php\/en\/produkt\/intro-diving\/#primaryimage\"},\"image\":{\"@id\":\"https:\/\/www.divinghurghada.eu\/shop\/index.php\/en\/produkt\/intro-diving\/#primaryimage\"},\"thumbnailUrl\":\"https:\/\/www.divinghurghada.eu\/shop\/wp-content\/uploads\/2022\/09\/1664524805247.jpg\",\"datePublished\":\"2022-10-17T18:05:18+00:00\",\"dateModified\":\"2025-04-16T11:24:41+00:00\",\"description\":\"Intro diving for beginners without certification. Discover the wonders of the Red Sea with us. Dive twice with an instructor to carefully introduce you to\",\"breadcrumb\":{\"@id\":\"https:\/\/www.divinghurghada.eu\/shop\/index.php\/en\/produkt\/intro-diving\/#breadcrumb\"},\"inLanguage\":\"sk-SK\",\"potentialAction\":[{\"@type\":\"ReadAction\",\"target\":[\"https:\/\/www.divinghurghada.eu\/shop\/index.php\/en\/produkt\/intro-diving\/\"]}]},{\"@type\":\"ImageObject\",\"inLanguage\":\"sk-SK\",\"@id\":\"https:\/\/www.divinghurghada.eu\/shop\/index.php\/en\/produkt\/intro-diving\/#primaryimage\",\"url\":\"https:\/\/www.divinghurghada.eu\/shop\/wp-content\/uploads\/2022\/09\/1664524805247.jpg\",\"contentUrl\":\"https:\/\/www.divinghurghada.eu\/shop\/wp-content\/uploads\/2022\/09\/1664524805247.jpg\",\"width\":1998,\"height\":1500},{\"@type\":\"BreadcrumbList\",\"@id\":\"https:\/\/www.divinghurghada.eu\/shop\/index.php\/en\/produkt\/intro-diving\/#breadcrumb\",\"itemListElement\":[{\"@type\":\"ListItem\",\"position\":1,\"name\":\"Home\",\"item\":\"https:\/\/www.divinghurghada.eu\/shop\/\"},{\"@type\":\"ListItem\",\"position\":2,\"name\":\"rezervace\",\"item\":\"https:\/\/www.divinghurghada.eu\/shop\/\"},{\"@type\":\"ListItem\",\"position\":3,\"name\":\"intro\"}]},{\"@type\":\"WebSite\",\"@id\":\"https:\/\/www.divinghurghada.eu\/shop\/#website\",\"url\":\"https:\/\/www.divinghurghada.eu\/shop\/\",\"name\":\"Pot\u00e1p\u011bn\u00ed V HURGHAD\u011a\",\"description\":\"Terapii neopt\u0159ebuje\u0161, pot\u0159ebuje\u0161 se jen pot\u00e1p\u011bt.\",\"publisher\":{\"@id\":\"https:\/\/www.divinghurghada.eu\/shop\/#organization\"},\"potentialAction\":[{\"@type\":\"SearchAction\",\"target\":{\"@type\":\"EntryPoint\",\"urlTemplate\":\"https:\/\/www.divinghurghada.eu\/shop\/?s={search_term_string}\"},\"query-input\":{\"@type\":\"PropertyValueSpecification\",\"valueRequired\":true,\"valueName\":\"search_term_string\"}}],\"inLanguage\":\"sk-SK\"},{\"@type\":\"Organization\",\"@id\":\"https:\/\/www.divinghurghada.eu\/shop\/#organization\",\"name\":\"Pot\u00e1p\u011bn\u00ed V HURGHAD\u011a\",\"url\":\"https:\/\/www.divinghurghada.eu\/shop\/\",\"logo\":{\"@type\":\"ImageObject\",\"inLanguage\":\"sk-SK\",\"@id\":\"https:\/\/www.divinghurghada.eu\/shop\/#\/schema\/logo\/image\/\",\"url\":\"https:\/\/www.divinghurghada.eu\/shop\/wp-content\/uploads\/2023\/11\/logo-w.png\",\"contentUrl\":\"https:\/\/www.divinghurghada.eu\/shop\/wp-content\/uploads\/2023\/11\/logo-w.png\",\"width\":141,\"height\":70,\"caption\":\"Pot\u00e1p\u011bn\u00ed V HURGHAD\u011a\"},\"image\":{\"@id\":\"https:\/\/www.divinghurghada.eu\/shop\/#\/schema\/logo\/image\/\"}}]}<\/script>\n<!-- \/ Yoast SEO plugin. -->","yoast_head_json":{"title":"INTRO DIVING - Pot\u00e1p\u011bn\u00ed V HURGHAD\u011a","description":"Intro diving for beginners without certification. Discover the wonders of the Red Sea with us. Dive twice with an instructor to carefully introduce you to","robots":{"index":"index","follow":"follow","max-snippet":"max-snippet:-1","max-image-preview":"max-image-preview:large","max-video-preview":"max-video-preview:-1"},"canonical":"https:\/\/www.divinghurghada.eu\/shop\/index.php\/en\/produkt\/intro-diving\/","og_locale":"sk_SK","og_type":"article","og_title":"INTRO DIVING - Pot\u00e1p\u011bn\u00ed V HURGHAD\u011a","og_description":"Intro diving for beginners without certification. Discover the wonders of the Red Sea with us. Dive twice with an instructor to carefully introduce you to","og_url":"https:\/\/www.divinghurghada.eu\/shop\/index.php\/en\/produkt\/intro-diving\/","og_site_name":"Pot\u00e1p\u011bn\u00ed V HURGHAD\u011a","article_modified_time":"2025-04-16T11:24:41+00:00","og_image":[{"width":1998,"height":1500,"url":"https:\/\/www.divinghurghada.eu\/shop\/wp-content\/uploads\/2022\/09\/1664524805247.jpg","type":"image\/jpeg"}],"twitter_card":"summary_large_image","twitter_misc":{"Predpokladan\u00fd \u010das \u010d\u00edtania":"1 min\u00fata"},"schema":{"@context":"https:\/\/schema.org","@graph":[{"@type":"WebPage","@id":"https:\/\/www.divinghurghada.eu\/shop\/index.php\/en\/produkt\/intro-diving\/","url":"https:\/\/www.divinghurghada.eu\/shop\/index.php\/en\/produkt\/intro-diving\/","name":"INTRO DIVING - Pot\u00e1p\u011bn\u00ed V HURGHAD\u011a","isPartOf":{"@id":"https:\/\/www.divinghurghada.eu\/shop\/#website"},"primaryImageOfPage":{"@id":"https:\/\/www.divinghurghada.eu\/shop\/index.php\/en\/produkt\/intro-diving\/#primaryimage"},"image":{"@id":"https:\/\/www.divinghurghada.eu\/shop\/index.php\/en\/produkt\/intro-diving\/#primaryimage"},"thumbnailUrl":"https:\/\/www.divinghurghada.eu\/shop\/wp-content\/uploads\/2022\/09\/1664524805247.jpg","datePublished":"2022-10-17T18:05:18+00:00","dateModified":"2025-04-16T11:24:41+00:00","description":"Intro diving for beginners without certification. Discover the wonders of the Red Sea with us. Dive twice with an instructor to carefully introduce you to","breadcrumb":{"@id":"https:\/\/www.divinghurghada.eu\/shop\/index.php\/en\/produkt\/intro-diving\/#breadcrumb"},"inLanguage":"sk-SK","potentialAction":[{"@type":"ReadAction","target":["https:\/\/www.divinghurghada.eu\/shop\/index.php\/en\/produkt\/intro-diving\/"]}]},{"@type":"ImageObject","inLanguage":"sk-SK","@id":"https:\/\/www.divinghurghada.eu\/shop\/index.php\/en\/produkt\/intro-diving\/#primaryimage","url":"https:\/\/www.divinghurghada.eu\/shop\/wp-content\/uploads\/2022\/09\/1664524805247.jpg","contentUrl":"https:\/\/www.divinghurghada.eu\/shop\/wp-content\/uploads\/2022\/09\/1664524805247.jpg","width":1998,"height":1500},{"@type":"BreadcrumbList","@id":"https:\/\/www.divinghurghada.eu\/shop\/index.php\/en\/produkt\/intro-diving\/#breadcrumb","itemListElement":[{"@type":"ListItem","position":1,"name":"Home","item":"https:\/\/www.divinghurghada.eu\/shop\/"},{"@type":"ListItem","position":2,"name":"rezervace","item":"https:\/\/www.divinghurghada.eu\/shop\/"},{"@type":"ListItem","position":3,"name":"intro"}]},{"@type":"WebSite","@id":"https:\/\/www.divinghurghada.eu\/shop\/#website","url":"https:\/\/www.divinghurghada.eu\/shop\/","name":"Pot\u00e1p\u011bn\u00ed V HURGHAD\u011a","description":"Terapii neopt\u0159ebuje\u0161, pot\u0159ebuje\u0161 se jen pot\u00e1p\u011bt.","publisher":{"@id":"https:\/\/www.divinghurghada.eu\/shop\/#organization"},"potentialAction":[{"@type":"SearchAction","target":{"@type":"EntryPoint","urlTemplate":"https:\/\/www.divinghurghada.eu\/shop\/?s={search_term_string}"},"query-input":{"@type":"PropertyValueSpecification","valueRequired":true,"valueName":"search_term_string"}}],"inLanguage":"sk-SK"},{"@type":"Organization","@id":"https:\/\/www.divinghurghada.eu\/shop\/#organization","name":"Pot\u00e1p\u011bn\u00ed V HURGHAD\u011a","url":"https:\/\/www.divinghurghada.eu\/shop\/","logo":{"@type":"ImageObject","inLanguage":"sk-SK","@id":"https:\/\/www.divinghurghada.eu\/shop\/#\/schema\/logo\/image\/","url":"https:\/\/www.divinghurghada.eu\/shop\/wp-content\/uploads\/2023\/11\/logo-w.png","contentUrl":"https:\/\/www.divinghurghada.eu\/shop\/wp-content\/uploads\/2023\/11\/logo-w.png","width":141,"height":70,"caption":"Pot\u00e1p\u011bn\u00ed V HURGHAD\u011a"},"image":{"@id":"https:\/\/www.divinghurghada.eu\/shop\/#\/schema\/logo\/image\/"}}]}},"jetpack_sharing_enabled":true,"_links":{"self":[{"href":"https:\/\/www.divinghurghada.eu\/shop\/index.php\/wp-json\/wp\/v2\/product\/749","targetHints":{"allow":["GET"]}}],"collection":[{"href":"https:\/\/www.divinghurghada.eu\/shop\/index.php\/wp-json\/wp\/v2\/product"}],"about":[{"href":"https:\/\/www.divinghurghada.eu\/shop\/index.php\/wp-json\/wp\/v2\/types\/product"}],"replies":[{"embeddable":true,"href":"https:\/\/www.divinghurghada.eu\/shop\/index.php\/wp-json\/wp\/v2\/comments?post=749"}],"wp:featuredmedia":[{"embeddable":true,"href":"https:\/\/www.divinghurghada.eu\/shop\/index.php\/wp-json\/wp\/v2\/media\/949"}],"wp:attachment":[{"href":"https:\/\/www.divinghurghada.eu\/shop\/index.php\/wp-json\/wp\/v2\/media?parent=749"}],"wp:term":[{"taxonomy":"product_brand","embeddable":true,"href":"https:\/\/www.divinghurghada.eu\/shop\/index.php\/wp-json\/wp\/v2\/product_brand?post=749"},{"taxonomy":"product_cat","embeddable":true,"href":"https:\/\/www.divinghurghada.eu\/shop\/index.php\/wp-json\/wp\/v2\/product_cat?post=749"},{"taxonomy":"product_tag","embeddable":true,"href":"https:\/\/www.divinghurghada.eu\/shop\/index.php\/wp-json\/wp\/v2\/product_tag?post=749"}],"curies":[{"name":"wp","href":"https:\/\/api.w.org\/{rel}","templated":true}]}}