{"id":763,"date":"2022-10-18T16:32:53","date_gmt":"2022-10-18T16:32:53","guid":{"rendered":"https:\/\/www.divinghurghada.eu\/shop\/?post_type=product&#038;p=763"},"modified":"2022-11-09T08:16:36","modified_gmt":"2022-11-09T08:16:36","slug":"underwater-photographer-diver-2","status":"publish","type":"product","link":"https:\/\/www.divinghurghada.eu\/shop\/index.php\/en\/produkt\/underwater-photographer-diver-2\/","title":{"rendered":"UNDERWATER PHOTOGRAPHER DIVER"},"content":{"rendered":"<h2>The SDI Underwater Photographer Diver Course<\/h2>\n<p>is designed to introduce divers to the equipment, techniques and procedures necessary to take underwater photographs, and allow the student to experience and discuss many areas of interest to the underwater photographer.<\/p>\n<h3>Who this course is for:<\/h3>\n<ul>\n<li>The certified diver looking for more information regarding the use of underwater photography for <a href=\"https:\/\/www.divinghurghada.eu\/shop\/index.php\/en\/produkt\/diving-extra\/\">scuba diving<\/a>, and wanting bring back many memories of their underwater adventures to share with <a href=\"https:\/\/www.facebook.com\/potapaniehurghada\/\" target=\"_blank\" rel=\"noopener\">family and friends<\/a><\/li>\n<\/ul>\n<h3>Course prerequisites:<\/h3>\n<ul>\n<li>SDI<a href=\"https:\/\/www.divinghurghada.eu\/shop\/index.php\/en\/produkt\/open-water-scuba-diver-2\/\"> Open Water Scuba Diver<\/a>, SDI Junior Open Water Diver, or equivalent<\/li>\n<li>Minimum age 18, 10 with parental consent<\/li>\n<\/ul>\n<h3>What you can expect to learn:<\/h3>\n<p>The SDI Underwater Photo Diver Course takes an in-depth look at all of the following and more:<\/p>\n<ul>\n<li>Underwater light\n<ul>\n<li>Variation of light under water<\/li>\n<li>Time for best available light photography<\/li>\n<li>Color correction filtering for depth<\/li>\n<li>Strobes vs. video light<\/li>\n<li>Selective color absorption of light<\/li>\n<li>Available light and strobe considerations<\/li>\n<li>Possible backscatter issues<\/li>\n<\/ul>\n<\/li>\n<li>Film considerations\n<ul>\n<li>Color balance<\/li>\n<li>Grain<\/li>\n<li>Resolving power<\/li>\n<li>Latitude<\/li>\n<li>Contrast<\/li>\n<li>Color reversal<\/li>\n<\/ul>\n<\/li>\n<li>Digital\n<ul>\n<li>Capture media<\/li>\n<li>Memory technology<\/li>\n<li>Printing<\/li>\n<li>Post dive review ability SDI Instructor Manual<\/li>\n<li>TV vs. computer vs. camera<\/li>\n<\/ul>\n<\/li>\n<li>Camera use in association with scuba\n<ul>\n<li>Types of cameras<\/li>\n<li>Handling of equipment<\/li>\n<li>Camera settings<\/li>\n<\/ul>\n<\/li>\n<li>Photographic subjects\n<ul>\n<li>Composition of scene<\/li>\n<li>Use of light enhancement<\/li>\n<li>Subject ease<\/li>\n<li>Use of models<\/li>\n<li>Marine Conservation awareness<\/li>\n<\/ul>\n<\/li>\n<li>Care of equipment\n<ul>\n<li>Salt water care<\/li>\n<li>Fresh water care<\/li>\n<li>Care of the flooded-housed camera<\/li>\n<\/ul>\n<\/li>\n<li>Use of color positive films\n<ul>\n<li>Ease of development (E\u20146 processing)<\/li>\n<li>Mounting<\/li>\n<\/ul>\n<\/li>\n<li>Digital software\n<ul>\n<li>Downloading images<\/li>\n<li>Photo storage<\/li>\n<li>Photo manipulation<\/li>\n<li>Printing &amp; mounting<\/li>\n<\/ul>\n<\/li>\n<\/ul>\n<p><em>Some of the required skills you will have to demonstrate include:<\/em><\/p>\n<ul>\n<li>Familiarize with the equipment and proper handling of equipment<\/li>\n<li>Composition to be considered at a beginning point of view<\/li>\n<li>Plan Dive<\/li>\n<li>Suitable Entry (care to be taken with camera &amp; additional equipment; these may be passed to diver once in the water in conditions &amp; environment allows it)<\/li>\n<li>Situational awareness (depth, time, air consumption and buddy awareness)<\/li>\n<li>Photography of subjects as planned<\/li>\n<li>Conservational awareness<\/li>\n<li>Conduct safe ascent and safety stops<\/li>\n<li>Exit<\/li>\n<li>Dive a different site to experience different\n<ul>\n<li>Marine subjects<\/li>\n<li>Additional light considerations<\/li>\n<li>Wide coloring<\/li>\n<\/ul>\n<\/li>\n<li>Maintain safety while within the water environment and attaining good quality subjects<\/li>\n<li>Both photograph both still and moving life subjects if possible<\/li>\n<li>Discuss with instructor helpful hints on how to improve photos<\/li>\n<\/ul>\n<h3>What\u2019s in it for you?<\/h3>\n<p>Upon successful completion of this course, graduates may engage in diving activities without direct supervision of the SDI Instructor* so long as the following limits are adhered to:<\/p>\n<ul>\n<li>The diving activities approximate those of training<\/li>\n<li>The areas of activities approximate those of training<\/li>\n<li>Environmental conditions approximate those of training<\/li>\n<\/ul>\n<p><em>*Note: Junior divers (ages 10-14) must participate in Underwater Photo diving activities with a parent, guardian, or dive professional.<\/em><\/p>\n<p>Also, the SDI Underwater Photo Diver certification counts towards a single specialty rating to achieve the\u00a0SDI Advanced Diver Development Program.<\/p>\n<h3>SDI Underwater Photo Diver minimum requirements:<\/h3>\n<ul>\n<li>Complete all open water requirements efficiently<\/li>\n<li>Demonstrate mature and sound judgment concerning dive planning and execution<\/li>\n<\/ul>\n","protected":false},"excerpt":{"rendered":"<p>The SDI Underwater Photographer Diver Course is designed to introduce divers to the equipment, techniques and procedures necessary to take underwater photographs, and allow the student to experience and discuss many areas of interest to the underwater photographer.<\/p>\n","protected":false},"featured_media":68,"comment_status":"open","ping_status":"closed","template":"","meta":{"om_disable_all_campaigns":false,"_monsterinsights_skip_tracking":false,"_monsterinsights_sitenote_active":false,"_monsterinsights_sitenote_note":"","_monsterinsights_sitenote_category":0},"product_brand":[],"product_cat":[50,54],"product_tag":[],"class_list":{"0":"post-763","1":"product","2":"type-product","3":"status-publish","4":"has-post-thumbnail","6":"product_cat-sdi-diving","7":"product_cat-specialities","9":"first","10":"instock","11":"shipping-taxable","12":"product-type-simple"},"yoast_head":"<!-- This site is optimized with the Yoast SEO plugin v26.7 - https:\/\/yoast.com\/wordpress\/plugins\/seo\/ -->\n<title>UNDERWATER PHOTOGRAPHER - Pot\u00e1p\u011bn\u00ed V HURGHAD\u011a<\/title>\n<meta name=\"description\" content=\"UNDERWATER PHOTOGRAPHER - the equipment, techniques and procedures necessary to take underwater photographs, and allow the student to experience\" \/>\n<meta name=\"robots\" content=\"index, follow, max-snippet:-1, max-image-preview:large, max-video-preview:-1\" \/>\n<link rel=\"canonical\" href=\"https:\/\/www.divinghurghada.eu\/shop\/index.php\/en\/produkt\/underwater-photographer-diver-2\/\" \/>\n<meta property=\"og:locale\" content=\"sk_SK\" \/>\n<meta property=\"og:type\" content=\"article\" \/>\n<meta property=\"og:title\" content=\"UNDERWATER PHOTOGRAPHER - Pot\u00e1p\u011bn\u00ed V HURGHAD\u011a\" \/>\n<meta property=\"og:description\" content=\"UNDERWATER PHOTOGRAPHER - the equipment, techniques and procedures necessary to take underwater photographs, and allow the student to experience\" \/>\n<meta property=\"og:url\" content=\"https:\/\/www.divinghurghada.eu\/shop\/index.php\/en\/produkt\/underwater-photographer-diver-2\/\" \/>\n<meta property=\"og:site_name\" content=\"Pot\u00e1p\u011bn\u00ed V HURGHAD\u011a\" \/>\n<meta property=\"article:modified_time\" content=\"2022-11-09T08:16:36+00:00\" \/>\n<meta property=\"og:image\" content=\"https:\/\/www.divinghurghada.eu\/shop\/wp-content\/uploads\/2022\/09\/cropped-IMG_2462-2-scaled-1.jpg\" \/>\n\t<meta property=\"og:image:width\" content=\"360\" \/>\n\t<meta property=\"og:image:height\" content=\"450\" \/>\n\t<meta property=\"og:image:type\" content=\"image\/jpeg\" \/>\n<meta name=\"twitter:card\" content=\"summary_large_image\" \/>\n<meta name=\"twitter:label1\" content=\"Predpokladan\u00fd \u010das \u010d\u00edtania\" \/>\n\t<meta name=\"twitter:data1\" content=\"3 min\u00faty\" \/>\n<script type=\"application\/ld+json\" class=\"yoast-schema-graph\">{\"@context\":\"https:\/\/schema.org\",\"@graph\":[{\"@type\":\"WebPage\",\"@id\":\"https:\/\/www.divinghurghada.eu\/shop\/index.php\/en\/produkt\/underwater-photographer-diver-2\/\",\"url\":\"https:\/\/www.divinghurghada.eu\/shop\/index.php\/en\/produkt\/underwater-photographer-diver-2\/\",\"name\":\"UNDERWATER PHOTOGRAPHER - Pot\u00e1p\u011bn\u00ed V HURGHAD\u011a\",\"isPartOf\":{\"@id\":\"https:\/\/www.divinghurghada.eu\/shop\/#website\"},\"primaryImageOfPage\":{\"@id\":\"https:\/\/www.divinghurghada.eu\/shop\/index.php\/en\/produkt\/underwater-photographer-diver-2\/#primaryimage\"},\"image\":{\"@id\":\"https:\/\/www.divinghurghada.eu\/shop\/index.php\/en\/produkt\/underwater-photographer-diver-2\/#primaryimage\"},\"thumbnailUrl\":\"https:\/\/www.divinghurghada.eu\/shop\/wp-content\/uploads\/2022\/09\/cropped-IMG_2462-2-scaled-1.jpg\",\"datePublished\":\"2022-10-18T16:32:53+00:00\",\"dateModified\":\"2022-11-09T08:16:36+00:00\",\"description\":\"UNDERWATER PHOTOGRAPHER - the equipment, techniques and procedures necessary to take underwater photographs, and allow the student to experience\",\"breadcrumb\":{\"@id\":\"https:\/\/www.divinghurghada.eu\/shop\/index.php\/en\/produkt\/underwater-photographer-diver-2\/#breadcrumb\"},\"inLanguage\":\"sk-SK\",\"potentialAction\":[{\"@type\":\"ReadAction\",\"target\":[\"https:\/\/www.divinghurghada.eu\/shop\/index.php\/en\/produkt\/underwater-photographer-diver-2\/\"]}]},{\"@type\":\"ImageObject\",\"inLanguage\":\"sk-SK\",\"@id\":\"https:\/\/www.divinghurghada.eu\/shop\/index.php\/en\/produkt\/underwater-photographer-diver-2\/#primaryimage\",\"url\":\"https:\/\/www.divinghurghada.eu\/shop\/wp-content\/uploads\/2022\/09\/cropped-IMG_2462-2-scaled-1.jpg\",\"contentUrl\":\"https:\/\/www.divinghurghada.eu\/shop\/wp-content\/uploads\/2022\/09\/cropped-IMG_2462-2-scaled-1.jpg\",\"width\":360,\"height\":450,\"caption\":\"sezn\u00e1mil pot\u00e1p\u011b\u010de s vybaven\u00edm, , UNDERWATER PHOTOGRAPHERtechnikami a postupy nezbytn\u00fdmi pro fotografov\u00e1n\u00ed pod vodou a umo\u017enil studentovi za\u017e\u00edt a diskutovat o mnoha oblastech z\u00e1jmu podvodn\u00edho fotografa.\"},{\"@type\":\"BreadcrumbList\",\"@id\":\"https:\/\/www.divinghurghada.eu\/shop\/index.php\/en\/produkt\/underwater-photographer-diver-2\/#breadcrumb\",\"itemListElement\":[{\"@type\":\"ListItem\",\"position\":1,\"name\":\"Home\",\"item\":\"https:\/\/www.divinghurghada.eu\/shop\/\"},{\"@type\":\"ListItem\",\"position\":2,\"name\":\"rezervace\",\"item\":\"https:\/\/www.divinghurghada.eu\/shop\/\"},{\"@type\":\"ListItem\",\"position\":3,\"name\":\"UNDERWATER PHOTOGRAPHER DIVER\"}]},{\"@type\":\"WebSite\",\"@id\":\"https:\/\/www.divinghurghada.eu\/shop\/#website\",\"url\":\"https:\/\/www.divinghurghada.eu\/shop\/\",\"name\":\"Pot\u00e1p\u011bn\u00ed V HURGHAD\u011a\",\"description\":\"Terapii neopt\u0159ebuje\u0161, pot\u0159ebuje\u0161 se jen pot\u00e1p\u011bt.\",\"publisher\":{\"@id\":\"https:\/\/www.divinghurghada.eu\/shop\/#organization\"},\"potentialAction\":[{\"@type\":\"SearchAction\",\"target\":{\"@type\":\"EntryPoint\",\"urlTemplate\":\"https:\/\/www.divinghurghada.eu\/shop\/?s={search_term_string}\"},\"query-input\":{\"@type\":\"PropertyValueSpecification\",\"valueRequired\":true,\"valueName\":\"search_term_string\"}}],\"inLanguage\":\"sk-SK\"},{\"@type\":\"Organization\",\"@id\":\"https:\/\/www.divinghurghada.eu\/shop\/#organization\",\"name\":\"Pot\u00e1p\u011bn\u00ed V HURGHAD\u011a\",\"url\":\"https:\/\/www.divinghurghada.eu\/shop\/\",\"logo\":{\"@type\":\"ImageObject\",\"inLanguage\":\"sk-SK\",\"@id\":\"https:\/\/www.divinghurghada.eu\/shop\/#\/schema\/logo\/image\/\",\"url\":\"https:\/\/www.divinghurghada.eu\/shop\/wp-content\/uploads\/2023\/11\/logo-w.png\",\"contentUrl\":\"https:\/\/www.divinghurghada.eu\/shop\/wp-content\/uploads\/2023\/11\/logo-w.png\",\"width\":141,\"height\":70,\"caption\":\"Pot\u00e1p\u011bn\u00ed V HURGHAD\u011a\"},\"image\":{\"@id\":\"https:\/\/www.divinghurghada.eu\/shop\/#\/schema\/logo\/image\/\"}}]}<\/script>\n<!-- \/ Yoast SEO plugin. -->","yoast_head_json":{"title":"UNDERWATER PHOTOGRAPHER - Pot\u00e1p\u011bn\u00ed V HURGHAD\u011a","description":"UNDERWATER PHOTOGRAPHER - the equipment, techniques and procedures necessary to take underwater photographs, and allow the student to experience","robots":{"index":"index","follow":"follow","max-snippet":"max-snippet:-1","max-image-preview":"max-image-preview:large","max-video-preview":"max-video-preview:-1"},"canonical":"https:\/\/www.divinghurghada.eu\/shop\/index.php\/en\/produkt\/underwater-photographer-diver-2\/","og_locale":"sk_SK","og_type":"article","og_title":"UNDERWATER PHOTOGRAPHER - Pot\u00e1p\u011bn\u00ed V HURGHAD\u011a","og_description":"UNDERWATER PHOTOGRAPHER - the equipment, techniques and procedures necessary to take underwater photographs, and allow the student to experience","og_url":"https:\/\/www.divinghurghada.eu\/shop\/index.php\/en\/produkt\/underwater-photographer-diver-2\/","og_site_name":"Pot\u00e1p\u011bn\u00ed V HURGHAD\u011a","article_modified_time":"2022-11-09T08:16:36+00:00","og_image":[{"width":360,"height":450,"url":"https:\/\/www.divinghurghada.eu\/shop\/wp-content\/uploads\/2022\/09\/cropped-IMG_2462-2-scaled-1.jpg","type":"image\/jpeg"}],"twitter_card":"summary_large_image","twitter_misc":{"Predpokladan\u00fd \u010das \u010d\u00edtania":"3 min\u00faty"},"schema":{"@context":"https:\/\/schema.org","@graph":[{"@type":"WebPage","@id":"https:\/\/www.divinghurghada.eu\/shop\/index.php\/en\/produkt\/underwater-photographer-diver-2\/","url":"https:\/\/www.divinghurghada.eu\/shop\/index.php\/en\/produkt\/underwater-photographer-diver-2\/","name":"UNDERWATER PHOTOGRAPHER - Pot\u00e1p\u011bn\u00ed V HURGHAD\u011a","isPartOf":{"@id":"https:\/\/www.divinghurghada.eu\/shop\/#website"},"primaryImageOfPage":{"@id":"https:\/\/www.divinghurghada.eu\/shop\/index.php\/en\/produkt\/underwater-photographer-diver-2\/#primaryimage"},"image":{"@id":"https:\/\/www.divinghurghada.eu\/shop\/index.php\/en\/produkt\/underwater-photographer-diver-2\/#primaryimage"},"thumbnailUrl":"https:\/\/www.divinghurghada.eu\/shop\/wp-content\/uploads\/2022\/09\/cropped-IMG_2462-2-scaled-1.jpg","datePublished":"2022-10-18T16:32:53+00:00","dateModified":"2022-11-09T08:16:36+00:00","description":"UNDERWATER PHOTOGRAPHER - the equipment, techniques and procedures necessary to take underwater photographs, and allow the student to experience","breadcrumb":{"@id":"https:\/\/www.divinghurghada.eu\/shop\/index.php\/en\/produkt\/underwater-photographer-diver-2\/#breadcrumb"},"inLanguage":"sk-SK","potentialAction":[{"@type":"ReadAction","target":["https:\/\/www.divinghurghada.eu\/shop\/index.php\/en\/produkt\/underwater-photographer-diver-2\/"]}]},{"@type":"ImageObject","inLanguage":"sk-SK","@id":"https:\/\/www.divinghurghada.eu\/shop\/index.php\/en\/produkt\/underwater-photographer-diver-2\/#primaryimage","url":"https:\/\/www.divinghurghada.eu\/shop\/wp-content\/uploads\/2022\/09\/cropped-IMG_2462-2-scaled-1.jpg","contentUrl":"https:\/\/www.divinghurghada.eu\/shop\/wp-content\/uploads\/2022\/09\/cropped-IMG_2462-2-scaled-1.jpg","width":360,"height":450,"caption":"sezn\u00e1mil pot\u00e1p\u011b\u010de s vybaven\u00edm, , UNDERWATER PHOTOGRAPHERtechnikami a postupy nezbytn\u00fdmi pro fotografov\u00e1n\u00ed pod vodou a umo\u017enil studentovi za\u017e\u00edt a diskutovat o mnoha oblastech z\u00e1jmu podvodn\u00edho fotografa."},{"@type":"BreadcrumbList","@id":"https:\/\/www.divinghurghada.eu\/shop\/index.php\/en\/produkt\/underwater-photographer-diver-2\/#breadcrumb","itemListElement":[{"@type":"ListItem","position":1,"name":"Home","item":"https:\/\/www.divinghurghada.eu\/shop\/"},{"@type":"ListItem","position":2,"name":"rezervace","item":"https:\/\/www.divinghurghada.eu\/shop\/"},{"@type":"ListItem","position":3,"name":"UNDERWATER PHOTOGRAPHER DIVER"}]},{"@type":"WebSite","@id":"https:\/\/www.divinghurghada.eu\/shop\/#website","url":"https:\/\/www.divinghurghada.eu\/shop\/","name":"Pot\u00e1p\u011bn\u00ed V HURGHAD\u011a","description":"Terapii neopt\u0159ebuje\u0161, pot\u0159ebuje\u0161 se jen pot\u00e1p\u011bt.","publisher":{"@id":"https:\/\/www.divinghurghada.eu\/shop\/#organization"},"potentialAction":[{"@type":"SearchAction","target":{"@type":"EntryPoint","urlTemplate":"https:\/\/www.divinghurghada.eu\/shop\/?s={search_term_string}"},"query-input":{"@type":"PropertyValueSpecification","valueRequired":true,"valueName":"search_term_string"}}],"inLanguage":"sk-SK"},{"@type":"Organization","@id":"https:\/\/www.divinghurghada.eu\/shop\/#organization","name":"Pot\u00e1p\u011bn\u00ed V HURGHAD\u011a","url":"https:\/\/www.divinghurghada.eu\/shop\/","logo":{"@type":"ImageObject","inLanguage":"sk-SK","@id":"https:\/\/www.divinghurghada.eu\/shop\/#\/schema\/logo\/image\/","url":"https:\/\/www.divinghurghada.eu\/shop\/wp-content\/uploads\/2023\/11\/logo-w.png","contentUrl":"https:\/\/www.divinghurghada.eu\/shop\/wp-content\/uploads\/2023\/11\/logo-w.png","width":141,"height":70,"caption":"Pot\u00e1p\u011bn\u00ed V HURGHAD\u011a"},"image":{"@id":"https:\/\/www.divinghurghada.eu\/shop\/#\/schema\/logo\/image\/"}}]}},"jetpack_sharing_enabled":true,"_links":{"self":[{"href":"https:\/\/www.divinghurghada.eu\/shop\/index.php\/wp-json\/wp\/v2\/product\/763","targetHints":{"allow":["GET"]}}],"collection":[{"href":"https:\/\/www.divinghurghada.eu\/shop\/index.php\/wp-json\/wp\/v2\/product"}],"about":[{"href":"https:\/\/www.divinghurghada.eu\/shop\/index.php\/wp-json\/wp\/v2\/types\/product"}],"replies":[{"embeddable":true,"href":"https:\/\/www.divinghurghada.eu\/shop\/index.php\/wp-json\/wp\/v2\/comments?post=763"}],"wp:featuredmedia":[{"embeddable":true,"href":"https:\/\/www.divinghurghada.eu\/shop\/index.php\/wp-json\/wp\/v2\/media\/68"}],"wp:attachment":[{"href":"https:\/\/www.divinghurghada.eu\/shop\/index.php\/wp-json\/wp\/v2\/media?parent=763"}],"wp:term":[{"taxonomy":"product_brand","embeddable":true,"href":"https:\/\/www.divinghurghada.eu\/shop\/index.php\/wp-json\/wp\/v2\/product_brand?post=763"},{"taxonomy":"product_cat","embeddable":true,"href":"https:\/\/www.divinghurghada.eu\/shop\/index.php\/wp-json\/wp\/v2\/product_cat?post=763"},{"taxonomy":"product_tag","embeddable":true,"href":"https:\/\/www.divinghurghada.eu\/shop\/index.php\/wp-json\/wp\/v2\/product_tag?post=763"}],"curies":[{"name":"wp","href":"https:\/\/api.w.org\/{rel}","templated":true}]}}