{"id":884,"date":"2022-11-04T17:55:30","date_gmt":"2022-11-04T17:55:30","guid":{"rendered":"https:\/\/www.divinghurghada.eu\/shop\/?post_type=product&#038;p=884"},"modified":"2025-04-16T11:22:35","modified_gmt":"2025-04-16T11:22:35","slug":"orange-beach","status":"publish","type":"product","link":"https:\/\/www.divinghurghada.eu\/shop\/index.php\/produkt\/orange-beach\/","title":{"rendered":"ORANGE BEACH"},"content":{"rendered":"<p>Vyra\u017ete r\u00e1no s n\u00e1mi relaxovat na kr\u00e1snou pl\u00e1\u017e Orange beach na ostrov\u011b Giftun, kde si u\u017eijete mnoho z\u00e1bavy <a href=\"https:\/\/www.facebook.com\/potapaniehurghada\" target=\"_blank\" rel=\"noopener\">nejen koup\u00e1n\u00ed<\/a>. Je to soukrom\u00e1 pl\u00e1\u017e s barem, se slune\u010dn\u00edky, houpa\u010dkou, s\u00edt\u00ed a posezen\u00edm ve vod\u011b. Po n\u00e1vrat\u011b z ostrova na lo\u010f si d\u00e1te v\u00fdborn\u00fd ob\u011bd. Dal\u0161\u00ed zast\u00e1vka bude u barevn\u00fdch <a href=\"https:\/\/www.divinghurghada.eu\/shop\/index.php\/produkt\/potapanie\/\">kor\u00e1lov\u00fdch \u00fates\u016f<\/a>, kde m\u016f\u017eete plavat, \u0161norchlovat a pozorovat rybi\u010dky. Cena zahrnuje ob\u011bd, n\u00e1poje, ovoce, vybaven\u00ed k <a href=\"https:\/\/www.divinghurghada.eu\/shop\/index.php\/produkt\/mangrovnikovy-ostrov\/\">\u0161norchlov\u00e1n\u00ed<\/a>, transfer v centru Hurghady. S sebou pot\u0159ebujete jen ru\u010dn\u00edky, plavky a opalovac\u00ed kr\u00e9m.<\/p>\n<p>Cena d\u011bti:<\/p>\n<p>do 6 let zdarma,<\/p>\n<p>6-9 let 20 \u20ac<\/p>\n<p>P\u0159i rezervaci napi\u0161te po\u010det a v\u011bk det\u00ed a celkov\u00e1 cena bude upravena p\u0159i potvrzen\u00ed rezervace v e-mailu, kter\u00fd v\u00e1m po\u0161leme. Pro rychlej\u0161\u00ed komunikaci m\u016f\u017eete vyu\u017e\u00edt Messenger, nebo WhatsUp.<\/p>\n","protected":false},"excerpt":{"rendered":"<p>Vyra\u017ete r\u00e1no s n\u00e1mi relaxovat na kr\u00e1snou pl\u00e1\u017e Orange na ostrov\u011b Giftun, kde si u\u017eijete mnoho z\u00e1bavy nejen koup\u00e1n\u00ed. Je to soukrom\u00e1 pl\u00e1\u017e s barem, se slune\u010dn\u00edky, houpa\u010dkou, s\u00edt\u00ed a posezen\u00edm ve vod\u011b. Po n\u00e1vrat\u011b z ostrova na lo\u010f si d\u00e1te v\u00fdborn\u00fd ob\u011bd. Dal\u0161\u00ed zast\u00e1vka bude u barevn\u00fdch kor\u00e1lov\u00fdch \u00fates\u016f, kde m\u016f\u017eete plavat, \u0161norchlovat a pozorovat rybi\u010dky.<\/p>\n","protected":false},"featured_media":319,"comment_status":"open","ping_status":"closed","template":"","meta":{"om_disable_all_campaigns":false,"_monsterinsights_skip_tracking":false,"_monsterinsights_sitenote_active":false,"_monsterinsights_sitenote_note":"","_monsterinsights_sitenote_category":0},"product_brand":[],"product_cat":[18],"product_tag":[],"class_list":{"0":"post-884","1":"product","2":"type-product","3":"status-publish","4":"has-post-thumbnail","6":"product_cat-vylety","7":"bookacti-activity","9":"first","10":"instock","11":"virtual","12":"purchasable","13":"product-type-simple"},"yoast_head":"<!-- This site is optimized with the Yoast SEO plugin v26.7 - https:\/\/yoast.com\/wordpress\/plugins\/seo\/ -->\n<title>ORANGE BEACH - Pot\u00e1p\u011bn\u00ed V HURGHAD\u011a<\/title>\n<meta name=\"description\" content=\"Vyra\u017ete r\u00e1no s n\u00e1mi relaxovat na kr\u00e1snou pl\u00e1\u017e Orange beach na ostrov\u011b Giftun, kde si u\u017eijete mnoho z\u00e1bavy nejen koup\u00e1n\u00ed. Je to soukrom\u00e1 pl\u00e1\u017e s barem,\" \/>\n<meta name=\"robots\" content=\"index, follow, max-snippet:-1, max-image-preview:large, max-video-preview:-1\" \/>\n<link rel=\"canonical\" href=\"https:\/\/www.divinghurghada.eu\/shop\/index.php\/produkt\/orange-beach\/\" \/>\n<meta property=\"og:locale\" content=\"sk_SK\" \/>\n<meta property=\"og:type\" content=\"article\" \/>\n<meta property=\"og:title\" content=\"ORANGE BEACH - Pot\u00e1p\u011bn\u00ed V HURGHAD\u011a\" \/>\n<meta property=\"og:description\" content=\"Vyra\u017ete r\u00e1no s n\u00e1mi relaxovat na kr\u00e1snou pl\u00e1\u017e Orange beach na ostrov\u011b Giftun, kde si u\u017eijete mnoho z\u00e1bavy nejen koup\u00e1n\u00ed. Je to soukrom\u00e1 pl\u00e1\u017e s barem,\" \/>\n<meta property=\"og:url\" content=\"https:\/\/www.divinghurghada.eu\/shop\/index.php\/produkt\/orange-beach\/\" \/>\n<meta property=\"og:site_name\" content=\"Pot\u00e1p\u011bn\u00ed V HURGHAD\u011a\" \/>\n<meta property=\"article:modified_time\" content=\"2025-04-16T11:22:35+00:00\" \/>\n<meta property=\"og:image\" content=\"https:\/\/www.divinghurghada.eu\/shop\/wp-content\/uploads\/2022\/10\/78201249_2449602108442239_2438240100576919552_o.jpg\" \/>\n\t<meta property=\"og:image:width\" content=\"960\" \/>\n\t<meta property=\"og:image:height\" content=\"720\" \/>\n\t<meta property=\"og:image:type\" content=\"image\/jpeg\" \/>\n<meta name=\"twitter:card\" content=\"summary_large_image\" \/>\n<meta name=\"twitter:label1\" content=\"Predpokladan\u00fd \u010das \u010d\u00edtania\" \/>\n\t<meta name=\"twitter:data1\" content=\"1 min\u00fata\" \/>\n<script type=\"application\/ld+json\" class=\"yoast-schema-graph\">{\"@context\":\"https:\/\/schema.org\",\"@graph\":[{\"@type\":\"WebPage\",\"@id\":\"https:\/\/www.divinghurghada.eu\/shop\/index.php\/produkt\/orange-beach\/\",\"url\":\"https:\/\/www.divinghurghada.eu\/shop\/index.php\/produkt\/orange-beach\/\",\"name\":\"ORANGE BEACH - Pot\u00e1p\u011bn\u00ed V HURGHAD\u011a\",\"isPartOf\":{\"@id\":\"https:\/\/www.divinghurghada.eu\/shop\/#website\"},\"primaryImageOfPage\":{\"@id\":\"https:\/\/www.divinghurghada.eu\/shop\/index.php\/produkt\/orange-beach\/#primaryimage\"},\"image\":{\"@id\":\"https:\/\/www.divinghurghada.eu\/shop\/index.php\/produkt\/orange-beach\/#primaryimage\"},\"thumbnailUrl\":\"https:\/\/www.divinghurghada.eu\/shop\/wp-content\/uploads\/2022\/10\/78201249_2449602108442239_2438240100576919552_o.jpg\",\"datePublished\":\"2022-11-04T17:55:30+00:00\",\"dateModified\":\"2025-04-16T11:22:35+00:00\",\"description\":\"Vyra\u017ete r\u00e1no s n\u00e1mi relaxovat na kr\u00e1snou pl\u00e1\u017e Orange beach na ostrov\u011b Giftun, kde si u\u017eijete mnoho z\u00e1bavy nejen koup\u00e1n\u00ed. Je to soukrom\u00e1 pl\u00e1\u017e s barem,\",\"breadcrumb\":{\"@id\":\"https:\/\/www.divinghurghada.eu\/shop\/index.php\/produkt\/orange-beach\/#breadcrumb\"},\"inLanguage\":\"sk-SK\",\"potentialAction\":[{\"@type\":\"ReadAction\",\"target\":[\"https:\/\/www.divinghurghada.eu\/shop\/index.php\/produkt\/orange-beach\/\"]}]},{\"@type\":\"ImageObject\",\"inLanguage\":\"sk-SK\",\"@id\":\"https:\/\/www.divinghurghada.eu\/shop\/index.php\/produkt\/orange-beach\/#primaryimage\",\"url\":\"https:\/\/www.divinghurghada.eu\/shop\/wp-content\/uploads\/2022\/10\/78201249_2449602108442239_2438240100576919552_o.jpg\",\"contentUrl\":\"https:\/\/www.divinghurghada.eu\/shop\/wp-content\/uploads\/2022\/10\/78201249_2449602108442239_2438240100576919552_o.jpg\",\"width\":960,\"height\":720,\"caption\":\"orange bay\"},{\"@type\":\"BreadcrumbList\",\"@id\":\"https:\/\/www.divinghurghada.eu\/shop\/index.php\/produkt\/orange-beach\/#breadcrumb\",\"itemListElement\":[{\"@type\":\"ListItem\",\"position\":1,\"name\":\"Home\",\"item\":\"https:\/\/www.divinghurghada.eu\/shop\/\"},{\"@type\":\"ListItem\",\"position\":2,\"name\":\"rezervace\",\"item\":\"https:\/\/www.divinghurghada.eu\/shop\/\"},{\"@type\":\"ListItem\",\"position\":3,\"name\":\"ORANGE BEACH\"}]},{\"@type\":\"WebSite\",\"@id\":\"https:\/\/www.divinghurghada.eu\/shop\/#website\",\"url\":\"https:\/\/www.divinghurghada.eu\/shop\/\",\"name\":\"Pot\u00e1p\u011bn\u00ed V HURGHAD\u011a\",\"description\":\"Terapii neopt\u0159ebuje\u0161, pot\u0159ebuje\u0161 se jen pot\u00e1p\u011bt.\",\"publisher\":{\"@id\":\"https:\/\/www.divinghurghada.eu\/shop\/#organization\"},\"potentialAction\":[{\"@type\":\"SearchAction\",\"target\":{\"@type\":\"EntryPoint\",\"urlTemplate\":\"https:\/\/www.divinghurghada.eu\/shop\/?s={search_term_string}\"},\"query-input\":{\"@type\":\"PropertyValueSpecification\",\"valueRequired\":true,\"valueName\":\"search_term_string\"}}],\"inLanguage\":\"sk-SK\"},{\"@type\":\"Organization\",\"@id\":\"https:\/\/www.divinghurghada.eu\/shop\/#organization\",\"name\":\"Pot\u00e1p\u011bn\u00ed V HURGHAD\u011a\",\"url\":\"https:\/\/www.divinghurghada.eu\/shop\/\",\"logo\":{\"@type\":\"ImageObject\",\"inLanguage\":\"sk-SK\",\"@id\":\"https:\/\/www.divinghurghada.eu\/shop\/#\/schema\/logo\/image\/\",\"url\":\"https:\/\/www.divinghurghada.eu\/shop\/wp-content\/uploads\/2023\/11\/logo-w.png\",\"contentUrl\":\"https:\/\/www.divinghurghada.eu\/shop\/wp-content\/uploads\/2023\/11\/logo-w.png\",\"width\":141,\"height\":70,\"caption\":\"Pot\u00e1p\u011bn\u00ed V HURGHAD\u011a\"},\"image\":{\"@id\":\"https:\/\/www.divinghurghada.eu\/shop\/#\/schema\/logo\/image\/\"}}]}<\/script>\n<!-- \/ Yoast SEO plugin. -->","yoast_head_json":{"title":"ORANGE BEACH - Pot\u00e1p\u011bn\u00ed V HURGHAD\u011a","description":"Vyra\u017ete r\u00e1no s n\u00e1mi relaxovat na kr\u00e1snou pl\u00e1\u017e Orange beach na ostrov\u011b Giftun, kde si u\u017eijete mnoho z\u00e1bavy nejen koup\u00e1n\u00ed. Je to soukrom\u00e1 pl\u00e1\u017e s barem,","robots":{"index":"index","follow":"follow","max-snippet":"max-snippet:-1","max-image-preview":"max-image-preview:large","max-video-preview":"max-video-preview:-1"},"canonical":"https:\/\/www.divinghurghada.eu\/shop\/index.php\/produkt\/orange-beach\/","og_locale":"sk_SK","og_type":"article","og_title":"ORANGE BEACH - Pot\u00e1p\u011bn\u00ed V HURGHAD\u011a","og_description":"Vyra\u017ete r\u00e1no s n\u00e1mi relaxovat na kr\u00e1snou pl\u00e1\u017e Orange beach na ostrov\u011b Giftun, kde si u\u017eijete mnoho z\u00e1bavy nejen koup\u00e1n\u00ed. Je to soukrom\u00e1 pl\u00e1\u017e s barem,","og_url":"https:\/\/www.divinghurghada.eu\/shop\/index.php\/produkt\/orange-beach\/","og_site_name":"Pot\u00e1p\u011bn\u00ed V HURGHAD\u011a","article_modified_time":"2025-04-16T11:22:35+00:00","og_image":[{"width":960,"height":720,"url":"https:\/\/www.divinghurghada.eu\/shop\/wp-content\/uploads\/2022\/10\/78201249_2449602108442239_2438240100576919552_o.jpg","type":"image\/jpeg"}],"twitter_card":"summary_large_image","twitter_misc":{"Predpokladan\u00fd \u010das \u010d\u00edtania":"1 min\u00fata"},"schema":{"@context":"https:\/\/schema.org","@graph":[{"@type":"WebPage","@id":"https:\/\/www.divinghurghada.eu\/shop\/index.php\/produkt\/orange-beach\/","url":"https:\/\/www.divinghurghada.eu\/shop\/index.php\/produkt\/orange-beach\/","name":"ORANGE BEACH - Pot\u00e1p\u011bn\u00ed V HURGHAD\u011a","isPartOf":{"@id":"https:\/\/www.divinghurghada.eu\/shop\/#website"},"primaryImageOfPage":{"@id":"https:\/\/www.divinghurghada.eu\/shop\/index.php\/produkt\/orange-beach\/#primaryimage"},"image":{"@id":"https:\/\/www.divinghurghada.eu\/shop\/index.php\/produkt\/orange-beach\/#primaryimage"},"thumbnailUrl":"https:\/\/www.divinghurghada.eu\/shop\/wp-content\/uploads\/2022\/10\/78201249_2449602108442239_2438240100576919552_o.jpg","datePublished":"2022-11-04T17:55:30+00:00","dateModified":"2025-04-16T11:22:35+00:00","description":"Vyra\u017ete r\u00e1no s n\u00e1mi relaxovat na kr\u00e1snou pl\u00e1\u017e Orange beach na ostrov\u011b Giftun, kde si u\u017eijete mnoho z\u00e1bavy nejen koup\u00e1n\u00ed. Je to soukrom\u00e1 pl\u00e1\u017e s barem,","breadcrumb":{"@id":"https:\/\/www.divinghurghada.eu\/shop\/index.php\/produkt\/orange-beach\/#breadcrumb"},"inLanguage":"sk-SK","potentialAction":[{"@type":"ReadAction","target":["https:\/\/www.divinghurghada.eu\/shop\/index.php\/produkt\/orange-beach\/"]}]},{"@type":"ImageObject","inLanguage":"sk-SK","@id":"https:\/\/www.divinghurghada.eu\/shop\/index.php\/produkt\/orange-beach\/#primaryimage","url":"https:\/\/www.divinghurghada.eu\/shop\/wp-content\/uploads\/2022\/10\/78201249_2449602108442239_2438240100576919552_o.jpg","contentUrl":"https:\/\/www.divinghurghada.eu\/shop\/wp-content\/uploads\/2022\/10\/78201249_2449602108442239_2438240100576919552_o.jpg","width":960,"height":720,"caption":"orange bay"},{"@type":"BreadcrumbList","@id":"https:\/\/www.divinghurghada.eu\/shop\/index.php\/produkt\/orange-beach\/#breadcrumb","itemListElement":[{"@type":"ListItem","position":1,"name":"Home","item":"https:\/\/www.divinghurghada.eu\/shop\/"},{"@type":"ListItem","position":2,"name":"rezervace","item":"https:\/\/www.divinghurghada.eu\/shop\/"},{"@type":"ListItem","position":3,"name":"ORANGE BEACH"}]},{"@type":"WebSite","@id":"https:\/\/www.divinghurghada.eu\/shop\/#website","url":"https:\/\/www.divinghurghada.eu\/shop\/","name":"Pot\u00e1p\u011bn\u00ed V HURGHAD\u011a","description":"Terapii neopt\u0159ebuje\u0161, pot\u0159ebuje\u0161 se jen pot\u00e1p\u011bt.","publisher":{"@id":"https:\/\/www.divinghurghada.eu\/shop\/#organization"},"potentialAction":[{"@type":"SearchAction","target":{"@type":"EntryPoint","urlTemplate":"https:\/\/www.divinghurghada.eu\/shop\/?s={search_term_string}"},"query-input":{"@type":"PropertyValueSpecification","valueRequired":true,"valueName":"search_term_string"}}],"inLanguage":"sk-SK"},{"@type":"Organization","@id":"https:\/\/www.divinghurghada.eu\/shop\/#organization","name":"Pot\u00e1p\u011bn\u00ed V HURGHAD\u011a","url":"https:\/\/www.divinghurghada.eu\/shop\/","logo":{"@type":"ImageObject","inLanguage":"sk-SK","@id":"https:\/\/www.divinghurghada.eu\/shop\/#\/schema\/logo\/image\/","url":"https:\/\/www.divinghurghada.eu\/shop\/wp-content\/uploads\/2023\/11\/logo-w.png","contentUrl":"https:\/\/www.divinghurghada.eu\/shop\/wp-content\/uploads\/2023\/11\/logo-w.png","width":141,"height":70,"caption":"Pot\u00e1p\u011bn\u00ed V HURGHAD\u011a"},"image":{"@id":"https:\/\/www.divinghurghada.eu\/shop\/#\/schema\/logo\/image\/"}}]}},"jetpack_sharing_enabled":true,"_links":{"self":[{"href":"https:\/\/www.divinghurghada.eu\/shop\/index.php\/wp-json\/wp\/v2\/product\/884","targetHints":{"allow":["GET"]}}],"collection":[{"href":"https:\/\/www.divinghurghada.eu\/shop\/index.php\/wp-json\/wp\/v2\/product"}],"about":[{"href":"https:\/\/www.divinghurghada.eu\/shop\/index.php\/wp-json\/wp\/v2\/types\/product"}],"replies":[{"embeddable":true,"href":"https:\/\/www.divinghurghada.eu\/shop\/index.php\/wp-json\/wp\/v2\/comments?post=884"}],"wp:featuredmedia":[{"embeddable":true,"href":"https:\/\/www.divinghurghada.eu\/shop\/index.php\/wp-json\/wp\/v2\/media\/319"}],"wp:attachment":[{"href":"https:\/\/www.divinghurghada.eu\/shop\/index.php\/wp-json\/wp\/v2\/media?parent=884"}],"wp:term":[{"taxonomy":"product_brand","embeddable":true,"href":"https:\/\/www.divinghurghada.eu\/shop\/index.php\/wp-json\/wp\/v2\/product_brand?post=884"},{"taxonomy":"product_cat","embeddable":true,"href":"https:\/\/www.divinghurghada.eu\/shop\/index.php\/wp-json\/wp\/v2\/product_cat?post=884"},{"taxonomy":"product_tag","embeddable":true,"href":"https:\/\/www.divinghurghada.eu\/shop\/index.php\/wp-json\/wp\/v2\/product_tag?post=884"}],"curies":[{"name":"wp","href":"https:\/\/api.w.org\/{rel}","templated":true}]}}