{"id":890,"date":"2022-11-04T18:08:50","date_gmt":"2022-11-04T18:08:50","guid":{"rendered":"https:\/\/www.divinghurghada.eu\/shop\/?post_type=product&#038;p=890"},"modified":"2025-04-16T11:21:42","modified_gmt":"2025-04-16T11:21:42","slug":"mangrovnikovy-ostrov-2","status":"publish","type":"product","link":"https:\/\/www.divinghurghada.eu\/shop\/index.php\/produkt\/mangrovnikovy-ostrov-2\/","title":{"rendered":"MANGROVN\u00cdKOV\u00dd OSTROV"},"content":{"rendered":"<p>Mangrovn\u00edkov\u00fd ostrov je ostr\u016fvek\u00a0 s b\u00edl\u00fdm p\u00edskem,kde rostou\u00a0 Mangrovn\u00edkov\u00e9 ke\u0159e a hn\u00edzd\u00ed pt\u00e1ci.<\/p>\n<p>Velk\u00e9 lod\u011b sem nem\u016f\u017eou a proto zde v\u011bt\u0161inou nen\u00ed nikdo, krom\u011b n\u00e1s.<\/p>\n<p>R\u00e1no kolem 8:30 v\u00e1s vyzvedne transfer p\u0159ed hotelem. P\u0159esn\u00fd \u010das z\u00e1le\u017e\u00ed na vzd\u00e1lenosti hotelu.<\/p>\n<p>P\u0159ibli\u017en\u011b v 9:00 vyplouv\u00e1me z p\u0159\u00edstavu.<\/p>\n<p><a href=\"https:\/\/www.facebook.com\/potapaniehurghada\" target=\"_blank\" rel=\"noopener\">Cestou<\/a> si m\u016f\u017eete d\u00e1t kaf\u00ed\u010dko, \u010daj, nebo vodu a u\u017e\u00edvat si slun\u00ed\u010dko , nebo se sezn\u00e1mit s ostatn\u00edmi.<\/p>\n<p>Po p\u0159iplut\u00ed k ostr\u016fvku lo\u010f zakotv\u00ed a p\u0159estoup\u00edte na \u010dlun, kter\u00fd v\u00e1s p\u0159iveze a\u017e k jeho pl\u00e1\u017ei.<\/p>\n<p>Na ostr\u016fvku str\u00e1v\u00edte 1 &#8211; 1,5 h. Dostatek \u010dasu opalov\u00e1n\u00ed, hran\u00ed si v p\u00edsku, <a href=\"https:\/\/www.divinghurghada.eu\/shop\/index.php\/produkt\/snorchlovani-s-potapeci\/\" target=\"_blank\" rel=\"noopener\">koup\u00e1n\u00ed v m\u011blk\u00e9 vod\u011b<\/a>, hled\u00e1n\u00ed velk\u00fdch mu\u0161l\u00ed. Ty ov\u0161em mus\u00ed z\u016fstat na sv\u00e9m m\u00edst\u011b. Jsou domovem r\u016fzn\u00fdch \u017eivo\u010dich\u016f.<\/p>\n<p>Na ost\u016fvku je n\u00e1dhern\u00e1 scenerie a m\u00e1te mo\u017enost po\u0159\u00eddit si kr\u00e1sn\u00e9 fotky na b\u00edl\u00e9m p\u00edsku.<\/p>\n<p>Po n\u00e1vratu na lo\u010f pod\u00e1v\u00e1me ob\u011bd formou bufetu. Pak p\u0159eplujeme ke <a href=\"https:\/\/www.divinghurghada.eu\/shop\/index.php\/produkt\/zapad-slunce-na-lodi-lady\/\" target=\"_blank\" rel=\"noopener\">kor\u00e1lov\u00fdm zahrad\u00e1m<\/a>, kde plave nep\u0159ebern\u00e9 mno\u017estv\u00ed rybek a mo\u0159sk\u00fdch \u017eivo\u010dich\u016f. M\u016f\u017eete v klidu \u0161norchlovat, plavat, sk\u00e1kat do vody, nebo relaxovat.<\/p>\n<p>Kolem 15:30 se vr\u00e1t\u00edme do p\u0159\u00edstavu, kde na v\u00e1s u\u017e bude \u010dekat transfer a zaveze v\u00e1s sp\u011bt do hotelu.<\/p>\n<p>Cena d\u011bti:<\/p>\n<p>do 6 let zdarma,<\/p>\n<p>6-9 let 20 \u20ac<\/p>\n<p>P\u0159i rezervaci napi\u0161te po\u010det a v\u011bk det\u00ed a celkov\u00e1 cena bude upravena p\u0159i potvrzen\u00ed rezervace v e-mailu, kter\u00fd v\u00e1m po\u0161leme. Pro rychlej\u0161\u00ed komunikaci m\u016f\u017eete vyu\u017e\u00edt Messenger, nebo WhatsUp.<\/p>\n<p><strong>V cen\u011b:<\/strong><\/p>\n<p>-Ob\u011bd<\/p>\n<p>-Tepl\u00e9 a studen\u00e9 n\u00e1poje, ovoce<\/p>\n<p>-Vybaven\u00ed pro \u0161norchlov\u00e1n\u00ed<\/p>\n<p>-Transfer v centru Hurghady<\/p>\n<p>S sebou pot\u0159ebujete jen ru\u010dn\u00edky, plavky, opalovac\u00ed kr\u00e9m a obuv do vody.<\/p>\n","protected":false},"excerpt":{"rendered":"<p>Je to p\u0159\u00edrodn\u00ed rezervace a jedin\u00fd zelen\u00fd ostr\u016fvek u Hurghady, jeho\u017e kr\u00e1sa p\u0159ipom\u00edn\u00e1 Karibik. Nejsou zde slune\u010dn\u00edky, leh\u00e1tka, bary, ale ani davy lid\u00ed. M\u016f\u017eete se proch\u00e1zet, nebo opalovat na zcela pr\u00e1zdn\u00e9 pl\u00e1\u017ei.<\/p>\n","protected":false},"featured_media":374,"comment_status":"open","ping_status":"closed","template":"","meta":{"om_disable_all_campaigns":false,"_monsterinsights_skip_tracking":false,"_monsterinsights_sitenote_active":false,"_monsterinsights_sitenote_note":"","_monsterinsights_sitenote_category":0},"product_brand":[],"product_cat":[18],"product_tag":[],"class_list":{"0":"post-890","1":"product","2":"type-product","3":"status-publish","4":"has-post-thumbnail","6":"product_cat-vylety","7":"bookacti-activity","9":"first","10":"instock","11":"virtual","12":"purchasable","13":"product-type-simple"},"yoast_head":"<!-- This site is optimized with the Yoast SEO plugin v26.7 - https:\/\/yoast.com\/wordpress\/plugins\/seo\/ -->\n<title>MANGROVN\u00cdKOV\u00dd OSTROV - Pot\u00e1p\u011bn\u00ed V HURGHAD\u011a<\/title>\n<meta name=\"description\" content=\"Mangrovn\u00edkov\u00fd ostrov je ostr\u016fvek s b\u00edl\u00fdm p\u00edskem,kde rostou\u00a0 Mangrovn\u00edkov\u00e9 ke\u0159e a hn\u00edzd\u00ed pt\u00e1ci.Velk\u00e9 lod\u011b sem nem\u016f\u017eou a proto zde v\u011bt\u0161inou nen\u00ed nikdo, jen my\" \/>\n<meta name=\"robots\" content=\"index, follow, max-snippet:-1, max-image-preview:large, max-video-preview:-1\" \/>\n<link rel=\"canonical\" href=\"https:\/\/www.divinghurghada.eu\/shop\/index.php\/produkt\/mangrovnikovy-ostrov-2\/\" \/>\n<meta property=\"og:locale\" content=\"sk_SK\" \/>\n<meta property=\"og:type\" content=\"article\" \/>\n<meta property=\"og:title\" content=\"MANGROVN\u00cdKOV\u00dd OSTROV - Pot\u00e1p\u011bn\u00ed V HURGHAD\u011a\" \/>\n<meta property=\"og:description\" content=\"Mangrovn\u00edkov\u00fd ostrov je ostr\u016fvek s b\u00edl\u00fdm p\u00edskem,kde rostou\u00a0 Mangrovn\u00edkov\u00e9 ke\u0159e a hn\u00edzd\u00ed pt\u00e1ci.Velk\u00e9 lod\u011b sem nem\u016f\u017eou a proto zde v\u011bt\u0161inou nen\u00ed nikdo, jen my\" \/>\n<meta property=\"og:url\" content=\"https:\/\/www.divinghurghada.eu\/shop\/index.php\/produkt\/mangrovnikovy-ostrov-2\/\" \/>\n<meta property=\"og:site_name\" content=\"Pot\u00e1p\u011bn\u00ed V HURGHAD\u011a\" \/>\n<meta property=\"article:modified_time\" content=\"2025-04-16T11:21:42+00:00\" \/>\n<meta property=\"og:image\" content=\"https:\/\/www.divinghurghada.eu\/shop\/wp-content\/uploads\/2022\/10\/86702403_1349229538594847_1773940115949748224_n.jpg\" \/>\n\t<meta property=\"og:image:width\" content=\"720\" \/>\n\t<meta property=\"og:image:height\" content=\"960\" \/>\n\t<meta property=\"og:image:type\" content=\"image\/jpeg\" \/>\n<meta name=\"twitter:card\" content=\"summary_large_image\" \/>\n<meta name=\"twitter:label1\" content=\"Predpokladan\u00fd \u010das \u010d\u00edtania\" \/>\n\t<meta name=\"twitter:data1\" content=\"2 min\u00faty\" \/>\n<script type=\"application\/ld+json\" class=\"yoast-schema-graph\">{\"@context\":\"https:\/\/schema.org\",\"@graph\":[{\"@type\":\"WebPage\",\"@id\":\"https:\/\/www.divinghurghada.eu\/shop\/index.php\/produkt\/mangrovnikovy-ostrov-2\/\",\"url\":\"https:\/\/www.divinghurghada.eu\/shop\/index.php\/produkt\/mangrovnikovy-ostrov-2\/\",\"name\":\"MANGROVN\u00cdKOV\u00dd OSTROV - Pot\u00e1p\u011bn\u00ed V HURGHAD\u011a\",\"isPartOf\":{\"@id\":\"https:\/\/www.divinghurghada.eu\/shop\/#website\"},\"primaryImageOfPage\":{\"@id\":\"https:\/\/www.divinghurghada.eu\/shop\/index.php\/produkt\/mangrovnikovy-ostrov-2\/#primaryimage\"},\"image\":{\"@id\":\"https:\/\/www.divinghurghada.eu\/shop\/index.php\/produkt\/mangrovnikovy-ostrov-2\/#primaryimage\"},\"thumbnailUrl\":\"https:\/\/www.divinghurghada.eu\/shop\/wp-content\/uploads\/2022\/10\/86702403_1349229538594847_1773940115949748224_n.jpg\",\"datePublished\":\"2022-11-04T18:08:50+00:00\",\"dateModified\":\"2025-04-16T11:21:42+00:00\",\"description\":\"Mangrovn\u00edkov\u00fd ostrov je ostr\u016fvek s b\u00edl\u00fdm p\u00edskem,kde rostou\u00a0 Mangrovn\u00edkov\u00e9 ke\u0159e a hn\u00edzd\u00ed pt\u00e1ci.Velk\u00e9 lod\u011b sem nem\u016f\u017eou a proto zde v\u011bt\u0161inou nen\u00ed nikdo, jen my\",\"breadcrumb\":{\"@id\":\"https:\/\/www.divinghurghada.eu\/shop\/index.php\/produkt\/mangrovnikovy-ostrov-2\/#breadcrumb\"},\"inLanguage\":\"sk-SK\",\"potentialAction\":[{\"@type\":\"ReadAction\",\"target\":[\"https:\/\/www.divinghurghada.eu\/shop\/index.php\/produkt\/mangrovnikovy-ostrov-2\/\"]}]},{\"@type\":\"ImageObject\",\"inLanguage\":\"sk-SK\",\"@id\":\"https:\/\/www.divinghurghada.eu\/shop\/index.php\/produkt\/mangrovnikovy-ostrov-2\/#primaryimage\",\"url\":\"https:\/\/www.divinghurghada.eu\/shop\/wp-content\/uploads\/2022\/10\/86702403_1349229538594847_1773940115949748224_n.jpg\",\"contentUrl\":\"https:\/\/www.divinghurghada.eu\/shop\/wp-content\/uploads\/2022\/10\/86702403_1349229538594847_1773940115949748224_n.jpg\",\"width\":720,\"height\":960,\"caption\":\"mangrovn\u00edkov\u00fd ostrov, mangove island\"},{\"@type\":\"BreadcrumbList\",\"@id\":\"https:\/\/www.divinghurghada.eu\/shop\/index.php\/produkt\/mangrovnikovy-ostrov-2\/#breadcrumb\",\"itemListElement\":[{\"@type\":\"ListItem\",\"position\":1,\"name\":\"Home\",\"item\":\"https:\/\/www.divinghurghada.eu\/shop\/\"},{\"@type\":\"ListItem\",\"position\":2,\"name\":\"rezervace\",\"item\":\"https:\/\/www.divinghurghada.eu\/shop\/\"},{\"@type\":\"ListItem\",\"position\":3,\"name\":\"MANGROVN\u00cdKOV\u00dd OSTROV\"}]},{\"@type\":\"WebSite\",\"@id\":\"https:\/\/www.divinghurghada.eu\/shop\/#website\",\"url\":\"https:\/\/www.divinghurghada.eu\/shop\/\",\"name\":\"Pot\u00e1p\u011bn\u00ed V HURGHAD\u011a\",\"description\":\"Terapii neopt\u0159ebuje\u0161, pot\u0159ebuje\u0161 se jen pot\u00e1p\u011bt.\",\"publisher\":{\"@id\":\"https:\/\/www.divinghurghada.eu\/shop\/#organization\"},\"potentialAction\":[{\"@type\":\"SearchAction\",\"target\":{\"@type\":\"EntryPoint\",\"urlTemplate\":\"https:\/\/www.divinghurghada.eu\/shop\/?s={search_term_string}\"},\"query-input\":{\"@type\":\"PropertyValueSpecification\",\"valueRequired\":true,\"valueName\":\"search_term_string\"}}],\"inLanguage\":\"sk-SK\"},{\"@type\":\"Organization\",\"@id\":\"https:\/\/www.divinghurghada.eu\/shop\/#organization\",\"name\":\"Pot\u00e1p\u011bn\u00ed V HURGHAD\u011a\",\"url\":\"https:\/\/www.divinghurghada.eu\/shop\/\",\"logo\":{\"@type\":\"ImageObject\",\"inLanguage\":\"sk-SK\",\"@id\":\"https:\/\/www.divinghurghada.eu\/shop\/#\/schema\/logo\/image\/\",\"url\":\"https:\/\/www.divinghurghada.eu\/shop\/wp-content\/uploads\/2023\/11\/logo-w.png\",\"contentUrl\":\"https:\/\/www.divinghurghada.eu\/shop\/wp-content\/uploads\/2023\/11\/logo-w.png\",\"width\":141,\"height\":70,\"caption\":\"Pot\u00e1p\u011bn\u00ed V HURGHAD\u011a\"},\"image\":{\"@id\":\"https:\/\/www.divinghurghada.eu\/shop\/#\/schema\/logo\/image\/\"}}]}<\/script>\n<!-- \/ Yoast SEO plugin. -->","yoast_head_json":{"title":"MANGROVN\u00cdKOV\u00dd OSTROV - Pot\u00e1p\u011bn\u00ed V HURGHAD\u011a","description":"Mangrovn\u00edkov\u00fd ostrov je ostr\u016fvek s b\u00edl\u00fdm p\u00edskem,kde rostou\u00a0 Mangrovn\u00edkov\u00e9 ke\u0159e a hn\u00edzd\u00ed pt\u00e1ci.Velk\u00e9 lod\u011b sem nem\u016f\u017eou a proto zde v\u011bt\u0161inou nen\u00ed nikdo, jen my","robots":{"index":"index","follow":"follow","max-snippet":"max-snippet:-1","max-image-preview":"max-image-preview:large","max-video-preview":"max-video-preview:-1"},"canonical":"https:\/\/www.divinghurghada.eu\/shop\/index.php\/produkt\/mangrovnikovy-ostrov-2\/","og_locale":"sk_SK","og_type":"article","og_title":"MANGROVN\u00cdKOV\u00dd OSTROV - Pot\u00e1p\u011bn\u00ed V HURGHAD\u011a","og_description":"Mangrovn\u00edkov\u00fd ostrov je ostr\u016fvek s b\u00edl\u00fdm p\u00edskem,kde rostou\u00a0 Mangrovn\u00edkov\u00e9 ke\u0159e a hn\u00edzd\u00ed pt\u00e1ci.Velk\u00e9 lod\u011b sem nem\u016f\u017eou a proto zde v\u011bt\u0161inou nen\u00ed nikdo, jen my","og_url":"https:\/\/www.divinghurghada.eu\/shop\/index.php\/produkt\/mangrovnikovy-ostrov-2\/","og_site_name":"Pot\u00e1p\u011bn\u00ed V HURGHAD\u011a","article_modified_time":"2025-04-16T11:21:42+00:00","og_image":[{"width":720,"height":960,"url":"https:\/\/www.divinghurghada.eu\/shop\/wp-content\/uploads\/2022\/10\/86702403_1349229538594847_1773940115949748224_n.jpg","type":"image\/jpeg"}],"twitter_card":"summary_large_image","twitter_misc":{"Predpokladan\u00fd \u010das \u010d\u00edtania":"2 min\u00faty"},"schema":{"@context":"https:\/\/schema.org","@graph":[{"@type":"WebPage","@id":"https:\/\/www.divinghurghada.eu\/shop\/index.php\/produkt\/mangrovnikovy-ostrov-2\/","url":"https:\/\/www.divinghurghada.eu\/shop\/index.php\/produkt\/mangrovnikovy-ostrov-2\/","name":"MANGROVN\u00cdKOV\u00dd OSTROV - Pot\u00e1p\u011bn\u00ed V HURGHAD\u011a","isPartOf":{"@id":"https:\/\/www.divinghurghada.eu\/shop\/#website"},"primaryImageOfPage":{"@id":"https:\/\/www.divinghurghada.eu\/shop\/index.php\/produkt\/mangrovnikovy-ostrov-2\/#primaryimage"},"image":{"@id":"https:\/\/www.divinghurghada.eu\/shop\/index.php\/produkt\/mangrovnikovy-ostrov-2\/#primaryimage"},"thumbnailUrl":"https:\/\/www.divinghurghada.eu\/shop\/wp-content\/uploads\/2022\/10\/86702403_1349229538594847_1773940115949748224_n.jpg","datePublished":"2022-11-04T18:08:50+00:00","dateModified":"2025-04-16T11:21:42+00:00","description":"Mangrovn\u00edkov\u00fd ostrov je ostr\u016fvek s b\u00edl\u00fdm p\u00edskem,kde rostou\u00a0 Mangrovn\u00edkov\u00e9 ke\u0159e a hn\u00edzd\u00ed pt\u00e1ci.Velk\u00e9 lod\u011b sem nem\u016f\u017eou a proto zde v\u011bt\u0161inou nen\u00ed nikdo, jen my","breadcrumb":{"@id":"https:\/\/www.divinghurghada.eu\/shop\/index.php\/produkt\/mangrovnikovy-ostrov-2\/#breadcrumb"},"inLanguage":"sk-SK","potentialAction":[{"@type":"ReadAction","target":["https:\/\/www.divinghurghada.eu\/shop\/index.php\/produkt\/mangrovnikovy-ostrov-2\/"]}]},{"@type":"ImageObject","inLanguage":"sk-SK","@id":"https:\/\/www.divinghurghada.eu\/shop\/index.php\/produkt\/mangrovnikovy-ostrov-2\/#primaryimage","url":"https:\/\/www.divinghurghada.eu\/shop\/wp-content\/uploads\/2022\/10\/86702403_1349229538594847_1773940115949748224_n.jpg","contentUrl":"https:\/\/www.divinghurghada.eu\/shop\/wp-content\/uploads\/2022\/10\/86702403_1349229538594847_1773940115949748224_n.jpg","width":720,"height":960,"caption":"mangrovn\u00edkov\u00fd ostrov, mangove island"},{"@type":"BreadcrumbList","@id":"https:\/\/www.divinghurghada.eu\/shop\/index.php\/produkt\/mangrovnikovy-ostrov-2\/#breadcrumb","itemListElement":[{"@type":"ListItem","position":1,"name":"Home","item":"https:\/\/www.divinghurghada.eu\/shop\/"},{"@type":"ListItem","position":2,"name":"rezervace","item":"https:\/\/www.divinghurghada.eu\/shop\/"},{"@type":"ListItem","position":3,"name":"MANGROVN\u00cdKOV\u00dd OSTROV"}]},{"@type":"WebSite","@id":"https:\/\/www.divinghurghada.eu\/shop\/#website","url":"https:\/\/www.divinghurghada.eu\/shop\/","name":"Pot\u00e1p\u011bn\u00ed V HURGHAD\u011a","description":"Terapii neopt\u0159ebuje\u0161, pot\u0159ebuje\u0161 se jen pot\u00e1p\u011bt.","publisher":{"@id":"https:\/\/www.divinghurghada.eu\/shop\/#organization"},"potentialAction":[{"@type":"SearchAction","target":{"@type":"EntryPoint","urlTemplate":"https:\/\/www.divinghurghada.eu\/shop\/?s={search_term_string}"},"query-input":{"@type":"PropertyValueSpecification","valueRequired":true,"valueName":"search_term_string"}}],"inLanguage":"sk-SK"},{"@type":"Organization","@id":"https:\/\/www.divinghurghada.eu\/shop\/#organization","name":"Pot\u00e1p\u011bn\u00ed V HURGHAD\u011a","url":"https:\/\/www.divinghurghada.eu\/shop\/","logo":{"@type":"ImageObject","inLanguage":"sk-SK","@id":"https:\/\/www.divinghurghada.eu\/shop\/#\/schema\/logo\/image\/","url":"https:\/\/www.divinghurghada.eu\/shop\/wp-content\/uploads\/2023\/11\/logo-w.png","contentUrl":"https:\/\/www.divinghurghada.eu\/shop\/wp-content\/uploads\/2023\/11\/logo-w.png","width":141,"height":70,"caption":"Pot\u00e1p\u011bn\u00ed V HURGHAD\u011a"},"image":{"@id":"https:\/\/www.divinghurghada.eu\/shop\/#\/schema\/logo\/image\/"}}]}},"jetpack_sharing_enabled":true,"_links":{"self":[{"href":"https:\/\/www.divinghurghada.eu\/shop\/index.php\/wp-json\/wp\/v2\/product\/890","targetHints":{"allow":["GET"]}}],"collection":[{"href":"https:\/\/www.divinghurghada.eu\/shop\/index.php\/wp-json\/wp\/v2\/product"}],"about":[{"href":"https:\/\/www.divinghurghada.eu\/shop\/index.php\/wp-json\/wp\/v2\/types\/product"}],"replies":[{"embeddable":true,"href":"https:\/\/www.divinghurghada.eu\/shop\/index.php\/wp-json\/wp\/v2\/comments?post=890"}],"wp:featuredmedia":[{"embeddable":true,"href":"https:\/\/www.divinghurghada.eu\/shop\/index.php\/wp-json\/wp\/v2\/media\/374"}],"wp:attachment":[{"href":"https:\/\/www.divinghurghada.eu\/shop\/index.php\/wp-json\/wp\/v2\/media?parent=890"}],"wp:term":[{"taxonomy":"product_brand","embeddable":true,"href":"https:\/\/www.divinghurghada.eu\/shop\/index.php\/wp-json\/wp\/v2\/product_brand?post=890"},{"taxonomy":"product_cat","embeddable":true,"href":"https:\/\/www.divinghurghada.eu\/shop\/index.php\/wp-json\/wp\/v2\/product_cat?post=890"},{"taxonomy":"product_tag","embeddable":true,"href":"https:\/\/www.divinghurghada.eu\/shop\/index.php\/wp-json\/wp\/v2\/product_tag?post=890"}],"curies":[{"name":"wp","href":"https:\/\/api.w.org\/{rel}","templated":true}]}}